{"id":3178,"date":"2024-09-17T15:20:46","date_gmt":"2024-09-17T21:20:46","guid":{"rendered":"https:\/\/zenexperience.mx\/?page_id=3178"},"modified":"2024-10-15T22:58:24","modified_gmt":"2024-10-16T04:58:24","slug":"celebridades","status":"publish","type":"page","link":"https:\/\/zenexperience.mx\/en\/celebridades\/","title":{"rendered":"Celebridades"},"content":{"rendered":"\t\t<div data-elementor-type=\"wp-page\" data-elementor-id=\"3178\" class=\"elementor elementor-3178\" data-elementor-post-type=\"page\">\n\t\t\t\t<div class=\"elementor-element elementor-element-a048b36 e-flex e-con-boxed e-con e-parent\" data-id=\"a048b36\" data-element_type=\"container\" data-e-type=\"container\">\n\t\t\t\t\t<div class=\"e-con-inner\">\n\t\t<div class=\"elementor-element elementor-element-1bc6a8c e-con-full e-flex e-con e-child\" data-id=\"1bc6a8c\" data-element_type=\"container\" data-e-type=\"container\" data-settings=\"{&quot;background_background&quot;:&quot;classic&quot;}\">\n\t\t<div class=\"elementor-element elementor-element-52fc374 e-con-full e-flex e-con e-child\" data-id=\"52fc374\" data-element_type=\"container\" data-e-type=\"container\">\n\t\t\t\t<div class=\"elementor-element elementor-element-d8cffc6 elementor-widget-laptop__width-initial elementor-widget elementor-widget-image\" data-id=\"d8cffc6\" data-element_type=\"widget\" data-e-type=\"widget\" data-widget_type=\"image.default\">\n\t\t\t\t<div class=\"elementor-widget-container\">\n\t\t\t\t\t\t\t\t\t\t\t\t\t\t\t<img fetchpriority=\"high\" decoding=\"async\" width=\"1080\" height=\"1080\" src=\"https:\/\/zenexperience.mx\/wp-content\/uploads\/2024\/06\/Logo-Zen-Optimizado-2.png\" class=\"attachment-full size-full wp-image-183\" alt=\"\" \/>\t\t\t\t\t\t\t\t\t\t\t\t\t\t\t<\/div>\n\t\t\t\t<\/div>\n\t\t\t\t<\/div>\n\t\t\t\t<div class=\"elementor-element elementor-element-53cb4ae elementor-widget-laptop__width-initial elementor-widget elementor-widget-heading\" data-id=\"53cb4ae\" data-element_type=\"widget\" data-e-type=\"widget\" data-widget_type=\"heading.default\">\n\t\t\t\t<div class=\"elementor-widget-container\">\n\t\t\t\t\t<p class=\"elementor-heading-title elementor-size-default\">\u00a1NOS VEMOS EN <br>\nZEN EXPERIENCE!<\/p>\t\t\t\t<\/div>\n\t\t\t\t<\/div>\n\t\t<div class=\"elementor-element elementor-element-4e4664c e-con-full e-flex e-con e-child\" data-id=\"4e4664c\" data-element_type=\"container\" data-e-type=\"container\">\n\t\t\t\t<div class=\"elementor-element elementor-element-f9188f6 elementor-widget-laptop__width-initial elementor-widget elementor-widget-text-editor\" data-id=\"f9188f6\" data-element_type=\"widget\" data-e-type=\"widget\" data-widget_type=\"text-editor.default\">\n\t\t\t\t<div class=\"elementor-widget-container\">\n\t\t\t\t\t\t\t\t\t<p>Nos emociona que quieras ser parte de\u00a0<strong>Zen Experience<\/strong>. Para confirmar tu asistencia, generar tus accesos, enviarte tu enlace personalizado y un <strong>c\u00f3digo de descuento exclusivo<\/strong> para que lo compartas con tus invitados,\u00a0<strong>registrate<\/strong> en el siguiente enlace.<\/p><p>Una vez registrado\/a, recibir\u00e1s todos los detalles necesarios para disfrutar de esta maravillosa experiencia junto a m\u00e1s de 50 talentos, incluyendo a <strong>Deepak Chopra<\/strong> y <strong>Nam Nidhan<\/strong>, este 7 y 8 de diciembre en el <strong>Parque Bicentenario<\/strong>.<br \/><br \/>Reg\u00edstra \u00fanicamente a hijos mayores de 14 a\u00f1os ya que los ni\u00f1os entran gr\u00e1tis.\u00a0<\/p>\t\t\t\t\t\t\t\t<\/div>\n\t\t\t\t<\/div>\n\t\t\t\t<div class=\"elementor-element elementor-element-31f71f8 elementor-widget-laptop__width-initial elementor-button-align-stretch elementor-widget elementor-widget-form\" data-id=\"31f71f8\" data-element_type=\"widget\" data-e-type=\"widget\" data-settings=\"{&quot;step_next_label&quot;:&quot;Siguiente&quot;,&quot;step_previous_label&quot;:&quot;Anterior&quot;,&quot;button_width&quot;:&quot;100&quot;,&quot;step_type&quot;:&quot;number_text&quot;,&quot;step_icon_shape&quot;:&quot;circle&quot;}\" data-widget_type=\"form.default\">\n\t\t\t\t<div class=\"elementor-widget-container\">\n\t\t\t\t\t\t\t<form class=\"elementor-form\" method=\"post\" name=\"Celebridad\" aria-label=\"Celebridad\">\n\t\t\t<input type=\"hidden\" name=\"post_id\" value=\"3178\"\/>\n\t\t\t<input type=\"hidden\" name=\"form_id\" value=\"31f71f8\"\/>\n\t\t\t<input type=\"hidden\" name=\"referer_title\" value=\"Celebridades - Zen Experience\" \/>\n\n\t\t\t\t\t\t\t<input type=\"hidden\" name=\"queried_id\" value=\"3178\"\/>\n\t\t\t\n\t\t\t<div class=\"elementor-form-fields-wrapper elementor-labels-\">\n\t\t\t\t\t\t\t\t<div class=\"elementor-field-type-text elementor-field-group elementor-column elementor-field-group-fullname elementor-col-40 elementor-field-required\">\n\t\t\t\t\t\t\t\t\t\t\t\t<label for=\"form-field-fullname\" class=\"elementor-field-label elementor-screen-only\">\n\t\t\t\t\t\t\t\tNombre y Apellido\t\t\t\t\t\t\t<\/label>\n\t\t\t\t\t\t\t\t\t\t\t\t\t\t<input size=\"1\" type=\"text\" name=\"form_fields[fullname]\" id=\"form-field-fullname\" class=\"elementor-field elementor-size-sm  elementor-field-textual\" placeholder=\"Nombre y Apellido\" required=\"required\">\n\t\t\t\t\t\t\t\t\t\t\t<\/div>\n\t\t\t\t\t\t\t\t<div class=\"elementor-field-type-email elementor-field-group elementor-column elementor-field-group-email elementor-col-30 elementor-field-required\">\n\t\t\t\t\t\t\t\t\t\t\t\t<label for=\"form-field-email\" class=\"elementor-field-label elementor-screen-only\">\n\t\t\t\t\t\t\t\tCorreo electr\u00f3nico\t\t\t\t\t\t\t<\/label>\n\t\t\t\t\t\t\t\t\t\t\t\t\t\t<input size=\"1\" type=\"email\" name=\"form_fields[email]\" id=\"form-field-email\" class=\"elementor-field elementor-size-sm  elementor-field-textual\" placeholder=\"Correo electr\u00f3nico\" required=\"required\">\n\t\t\t\t\t\t\t\t\t\t\t<\/div>\n\t\t\t\t\t\t\t\t<div class=\"elementor-field-type-number elementor-field-group elementor-column elementor-field-group-whatsapp elementor-col-30 elementor-field-required\">\n\t\t\t\t\t\t\t\t\t\t\t\t<label for=\"form-field-whatsapp\" class=\"elementor-field-label elementor-screen-only\">\n\t\t\t\t\t\t\t\twhatsapp\t\t\t\t\t\t\t<\/label>\n\t\t\t\t\t\t\t\t\t<input type=\"number\" name=\"form_fields[whatsapp]\" id=\"form-field-whatsapp\" class=\"elementor-field elementor-size-sm  elementor-field-textual\" placeholder=\"whatsapp\" required=\"required\" min=\"\" max=\"\" >\n\t\t\t\t\t\t<\/div>\n\t\t\t\t\t\t\t\t<div class=\"elementor-field-type-text elementor-field-group elementor-column elementor-field-group-pareja elementor-col-50\">\n\t\t\t\t\t\t\t\t\t\t\t\t<label for=\"form-field-pareja\" class=\"elementor-field-label elementor-screen-only\">\n\t\t\t\t\t\t\t\tNombre de invitado\t\t\t\t\t\t\t<\/label>\n\t\t\t\t\t\t\t\t\t\t\t\t\t\t<input size=\"1\" type=\"text\" name=\"form_fields[pareja]\" id=\"form-field-pareja\" class=\"elementor-field elementor-size-sm  elementor-field-textual\" placeholder=\"Nombre de tu acompa\u00f1ante\">\n\t\t\t\t\t\t\t\t\t\t\t<\/div>\n\t\t\t\t\t\t\t\t<div class=\"elementor-field-type-text elementor-field-group elementor-column elementor-field-group-hijo1 elementor-col-50\">\n\t\t\t\t\t\t\t\t\t\t\t\t<label for=\"form-field-hijo1\" class=\"elementor-field-label elementor-screen-only\">\n\t\t\t\t\t\t\t\tPrimer hijo\t\t\t\t\t\t\t<\/label>\n\t\t\t\t\t\t\t\t\t\t\t\t\t\t<input size=\"1\" type=\"text\" name=\"form_fields[hijo1]\" id=\"form-field-hijo1\" class=\"elementor-field elementor-size-sm  elementor-field-textual\" placeholder=\"Nombre de primer hij@ (Opcional)\">\n\t\t\t\t\t\t\t\t\t\t\t<\/div>\n\t\t\t\t\t\t\t\t<div class=\"elementor-field-type-text elementor-field-group elementor-column elementor-field-group-hijo2 elementor-col-50\">\n\t\t\t\t\t\t\t\t\t\t\t\t<label for=\"form-field-hijo2\" class=\"elementor-field-label elementor-screen-only\">\n\t\t\t\t\t\t\t\tSegund@ hij@\t\t\t\t\t\t\t<\/label>\n\t\t\t\t\t\t\t\t\t\t\t\t\t\t<input size=\"1\" type=\"text\" name=\"form_fields[hijo2]\" id=\"form-field-hijo2\" class=\"elementor-field elementor-size-sm  elementor-field-textual\" placeholder=\"Nombre de segun@ hij@ (Opcional)\">\n\t\t\t\t\t\t\t\t\t\t\t<\/div>\n\t\t\t\t\t\t\t\t<div class=\"elementor-field-type-text elementor-field-group elementor-column elementor-field-group-field_2625a32 elementor-col-50\">\n\t\t\t\t\t\t\t\t\t\t\t\t<label for=\"form-field-field_2625a32\" class=\"elementor-field-label elementor-screen-only\">\n\t\t\t\t\t\t\t\tTercer hij@\t\t\t\t\t\t\t<\/label>\n\t\t\t\t\t\t\t\t\t\t\t\t\t\t<input size=\"1\" type=\"text\" name=\"form_fields[field_2625a32]\" id=\"form-field-field_2625a32\" class=\"elementor-field elementor-size-sm  elementor-field-textual\" placeholder=\"Nombre del tercer hij@ (Opcional)\">\n\t\t\t\t\t\t\t\t\t\t\t<\/div>\n\t\t\t\t\t\t\t\t<div class=\"elementor-field-type-acceptance elementor-field-group elementor-column elementor-field-group-field_e143059 elementor-col-100 elementor-field-required\">\n\t\t\t\t\t\t\t\t\t\t\t\t<label for=\"form-field-field_e143059\" class=\"elementor-field-label elementor-screen-only\">\n\t\t\t\t\t\t\t\tAceptaci\u00f3n\t\t\t\t\t\t\t<\/label>\n\t\t\t\t\t\t\t\t<div class=\"elementor-field-subgroup\">\n\t\t\t<span class=\"elementor-field-option\">\n\t\t\t\t<input type=\"checkbox\" name=\"form_fields[field_e143059]\" id=\"form-field-field_e143059\" class=\"elementor-field elementor-size-sm  elementor-acceptance-field\" required=\"required\">\n\t\t\t\t<label for=\"form-field-field_e143059\">Al aceptar, confirmo que he le\u00eddo y acepto los t\u00e9rminos y condiciones para ser Embajador y obtener mi pase VIP.<\/label>\t\t\t<\/span>\n\t\t<\/div>\n\t\t\t\t\t\t<\/div>\n\t\t\t\t\t\t\t\t<div class=\"elementor-field-group elementor-column elementor-field-type-submit elementor-col-100 e-form__buttons\">\n\t\t\t\t\t<button class=\"elementor-button elementor-size-sm\" type=\"submit\" id=\"colaboradores\">\n\t\t\t\t\t\t<span class=\"elementor-button-content-wrapper\">\n\t\t\t\t\t\t\t\t\t\t\t\t\t\t\t\t\t\t\t\t\t\t<span class=\"elementor-button-text\">Enviar<\/span>\n\t\t\t\t\t\t\t\t\t\t\t\t\t<\/span>\n\t\t\t\t\t<\/button>\n\t\t\t\t<\/div>\n\t\t\t<\/div>\n\t\t<\/form>\n\t\t\t\t\t\t<\/div>\n\t\t\t\t<\/div>\n\t\t<div class=\"elementor-element elementor-element-78b9081 e-con-full e-flex e-con e-child\" data-id=\"78b9081\" data-element_type=\"container\" data-e-type=\"container\">\n\t\t<div class=\"elementor-element elementor-element-c37603d e-con-full e-flex e-con e-child\" data-id=\"c37603d\" data-element_type=\"container\" data-e-type=\"container\">\n\t\t\t\t<div class=\"elementor-element elementor-element-0cbd4f6 elementor-widget elementor-widget-video\" data-id=\"0cbd4f6\" data-element_type=\"widget\" data-e-type=\"widget\" data-settings=\"{&quot;video_type&quot;:&quot;vimeo&quot;,&quot;show_image_overlay&quot;:&quot;yes&quot;,&quot;image_overlay&quot;:{&quot;url&quot;:&quot;https:\\\/\\\/zenexperience.mx\\\/wp-content\\\/uploads\\\/2024\\\/08\\\/Descarga-de-Videos.jpg&quot;,&quot;id&quot;:2370,&quot;size&quot;:&quot;&quot;,&quot;alt&quot;:&quot;&quot;,&quot;source&quot;:&quot;library&quot;}}\" data-widget_type=\"video.default\">\n\t\t\t\t<div class=\"elementor-widget-container\">\n\t\t\t\t\t\t\t<div class=\"elementor-wrapper elementor-open-inline\">\n\t\t\t<iframe class=\"elementor-video-iframe lazyload\" allowfullscreen allow=\"clipboard-write\" title=\"Reproductor de video vimeo\" data-src=\"https:\/\/player.vimeo.com\/video\/987327372?color&amp;autopause=0&amp;loop=0&amp;muted=0&amp;title=1&amp;portrait=1&amp;byline=1#t=\" src=\"data:image\/svg+xml;base64,PHN2ZyB3aWR0aD0iMSIgaGVpZ2h0PSIxIiB4bWxucz0iaHR0cDovL3d3dy53My5vcmcvMjAwMC9zdmciPjwvc3ZnPg==\" data-load-mode=\"1\"><\/iframe>\t\t\t\t<div class=\"elementor-custom-embed-image-overlay lazyload\" style=\"background-image:inherit;\" data-bg-image=\"url(https:\/\/zenexperience.mx\/wp-content\/uploads\/2024\/08\/Descarga-de-Videos.jpg)\">\n\t\t\t\t\t\t\t\t\t\t\t\t\t\t\t\t<div class=\"elementor-custom-embed-play\" role=\"button\" aria-label=\"Reproducir video\" tabindex=\"0\">\n\t\t\t\t\t\t\t<svg aria-hidden=\"true\" class=\"e-font-icon-svg e-eicon-play\" viewBox=\"0 0 1000 1000\" xmlns=\"http:\/\/www.w3.org\/2000\/svg\"><path d=\"M838 162C746 71 633 25 500 25 371 25 258 71 163 162 71 254 25 367 25 500 25 633 71 746 163 837 254 929 367 979 500 979 633 979 746 933 838 837 929 746 975 633 975 500 975 367 929 254 838 162M808 192C892 279 933 379 933 500 933 621 892 725 808 808 725 892 621 938 500 938 379 938 279 896 196 808 113 725 67 621 67 500 67 379 108 279 196 192 279 108 383 62 500 62 621 62 721 108 808 192M438 392V642L642 517 438 392Z\"><\/path><\/svg>\t\t\t\t\t\t<\/div>\n\t\t\t\t\t\t\t\t\t<\/div>\n\t\t\t\t\t<\/div>\n\t\t\t\t\t\t<\/div>\n\t\t\t\t<\/div>\n\t\t\t\t<\/div>\n\t\t<div class=\"elementor-element elementor-element-9e40a6a e-con-full e-flex e-con e-child\" data-id=\"9e40a6a\" data-element_type=\"container\" data-e-type=\"container\">\n\t\t\t\t<div class=\"elementor-element elementor-element-633b05e elementor-widget elementor-widget-image\" data-id=\"633b05e\" data-element_type=\"widget\" data-e-type=\"widget\" data-widget_type=\"image.default\">\n\t\t\t\t<div class=\"elementor-widget-container\">\n\t\t\t\t\t\t\t\t\t\t\t\t\t\t\t\t<a href=\"https:\/\/drive.google.com\/drive\/folders\/12Ym2ipHoX1RVwVTEbI7lO9_KAQHs1tSb?usp=sharing\">\n\t\t\t\t\t\t\t<img decoding=\"async\" width=\"1920\" height=\"1080\" data-src=\"https:\/\/zenexperience.mx\/wp-content\/uploads\/2024\/08\/Descarga-de-materiales.jpg\" class=\"attachment-full size-full wp-image-2368 lazyload\" alt=\"\" data-srcset=\"https:\/\/zenexperience.mx\/wp-content\/uploads\/2024\/08\/Descarga-de-materiales.jpg 1920w, https:\/\/zenexperience.mx\/wp-content\/uploads\/2024\/08\/Descarga-de-materiales-300x169.jpg 300w, https:\/\/zenexperience.mx\/wp-content\/uploads\/2024\/08\/Descarga-de-materiales-1024x576.jpg 1024w, https:\/\/zenexperience.mx\/wp-content\/uploads\/2024\/08\/Descarga-de-materiales-768x432.jpg 768w, https:\/\/zenexperience.mx\/wp-content\/uploads\/2024\/08\/Descarga-de-materiales-1536x864.jpg 1536w, https:\/\/zenexperience.mx\/wp-content\/uploads\/2024\/08\/Descarga-de-materiales-18x10.jpg 18w\" data-sizes=\"(max-width: 1920px) 100vw, 1920px\" src=\"data:image\/svg+xml;base64,PHN2ZyB3aWR0aD0iMSIgaGVpZ2h0PSIxIiB4bWxucz0iaHR0cDovL3d3dy53My5vcmcvMjAwMC9zdmciPjwvc3ZnPg==\" style=\"--smush-placeholder-width: 1920px; --smush-placeholder-aspect-ratio: 1920\/1080;\" \/>\t\t\t\t\t\t\t\t<\/a>\n\t\t\t\t\t\t\t\t\t\t\t\t\t\t\t<\/div>\n\t\t\t\t<\/div>\n\t\t\t\t<\/div>\n\t\t\t\t<\/div>\n\t\t\t\t<\/div>\n\t\t\t\t<\/div>\n\t\t\t\t\t<\/div>\n\t\t\t\t<\/div>\n\t\t\t\t<\/div>\n\t\t","protected":false},"excerpt":{"rendered":"<p>\u00a1NOS VEMOS EN ZEN EXPERIENCE! Nos emociona que quieras ser parte de\u00a0Zen Experience. Para confirmar tu asistencia, generar tus accesos, enviarte tu enlace personalizado y un c\u00f3digo de descuento exclusivo para que lo compartas con tus invitados,\u00a0registrate en el siguiente enlace. Una vez registrado\/a, recibir\u00e1s todos los detalles necesarios para disfrutar de esta maravillosa experiencia [&hellip;]<\/p>\n","protected":false},"author":1,"featured_media":212,"parent":0,"menu_order":0,"comment_status":"closed","ping_status":"closed","template":"","meta":{"content-type":"","_joinchat":[],"footnotes":""},"class_list":["post-3178","page","type-page","status-publish","has-post-thumbnail","hentry"],"yoast_head":"<!-- This site is optimized with the Yoast SEO plugin v27.1.1 - https:\/\/yoast.com\/product\/yoast-seo-wordpress\/ -->\n<title>Celebridades - Zen Experience<\/title>\n<meta name=\"description\" content=\"ZEN EXPERIENCE is meant to generate real magic within your heart and your deepest truth.\" \/>\n<meta name=\"robots\" content=\"noindex, follow\" \/>\n<meta property=\"og:locale\" content=\"en_US\" \/>\n<meta property=\"og:type\" content=\"article\" \/>\n<meta property=\"og:title\" content=\"Celebridades - Zen Experience\" \/>\n<meta property=\"og:description\" content=\"ZEN EXPERIENCE is meant to generate real magic within your heart and your deepest truth.\" \/>\n<meta property=\"og:url\" content=\"https:\/\/zenexperience.mx\/en\/celebridades\/\" \/>\n<meta property=\"og:site_name\" content=\"Zen Experience\" \/>\n<meta property=\"article:publisher\" content=\"https:\/\/www.facebook.com\/zenexperience.mx\/\" \/>\n<meta property=\"article:modified_time\" content=\"2024-10-16T04:58:24+00:00\" \/>\n<meta property=\"og:image\" content=\"https:\/\/zenexperience.mx\/wp-content\/uploads\/2024\/06\/Zen-Experience-Concrete-Jungle.jpg\" \/>\n\t<meta property=\"og:image:width\" content=\"1920\" \/>\n\t<meta property=\"og:image:height\" content=\"1080\" \/>\n\t<meta property=\"og:image:type\" content=\"image\/jpeg\" \/>\n<meta name=\"twitter:card\" content=\"summary_large_image\" \/>\n<meta name=\"twitter:site\" content=\"@zenexperiencemx\" \/>\n<meta name=\"twitter:label1\" content=\"Est. reading time\" \/>\n\t<meta name=\"twitter:data1\" content=\"2 minutes\" \/>\n<script type=\"application\/ld+json\" class=\"yoast-schema-graph\">{\"@context\":\"https:\/\/schema.org\",\"@graph\":[{\"@type\":\"WebPage\",\"@id\":\"https:\/\/zenexperience.mx\/celebridades\/\",\"url\":\"https:\/\/zenexperience.mx\/celebridades\/\",\"name\":\"Celebridades - Zen Experience\",\"isPartOf\":{\"@id\":\"https:\/\/zenexperience.mx\/#website\"},\"primaryImageOfPage\":{\"@id\":\"https:\/\/zenexperience.mx\/celebridades\/#primaryimage\"},\"image\":{\"@id\":\"https:\/\/zenexperience.mx\/celebridades\/#primaryimage\"},\"thumbnailUrl\":\"https:\/\/zenexperience.mx\/wp-content\/uploads\/2024\/06\/Zen-Experience-Concrete-Jungle.jpg\",\"datePublished\":\"2024-09-17T21:20:46+00:00\",\"dateModified\":\"2024-10-16T04:58:24+00:00\",\"description\":\"ZEN EXPERIENCE is meant to generate real magic within your heart and your deepest truth.\",\"breadcrumb\":{\"@id\":\"https:\/\/zenexperience.mx\/celebridades\/#breadcrumb\"},\"inLanguage\":\"en-US\",\"potentialAction\":[{\"@type\":\"ReadAction\",\"target\":[\"https:\/\/zenexperience.mx\/celebridades\/\"]}]},{\"@type\":\"ImageObject\",\"inLanguage\":\"en-US\",\"@id\":\"https:\/\/zenexperience.mx\/celebridades\/#primaryimage\",\"url\":\"https:\/\/zenexperience.mx\/wp-content\/uploads\/2024\/06\/Zen-Experience-Concrete-Jungle.jpg\",\"contentUrl\":\"https:\/\/zenexperience.mx\/wp-content\/uploads\/2024\/06\/Zen-Experience-Concrete-Jungle.jpg\",\"width\":1920,\"height\":1080,\"caption\":\"zen experience concrete jungle Mexico City\"},{\"@type\":\"BreadcrumbList\",\"@id\":\"https:\/\/zenexperience.mx\/celebridades\/#breadcrumb\",\"itemListElement\":[{\"@type\":\"ListItem\",\"position\":1,\"name\":\"Portada\",\"item\":\"https:\/\/zenexperience.mx\/\"},{\"@type\":\"ListItem\",\"position\":2,\"name\":\"Celebridades\"}]},{\"@type\":\"WebSite\",\"@id\":\"https:\/\/zenexperience.mx\/#website\",\"url\":\"https:\/\/zenexperience.mx\/\",\"name\":\"Zen Experience\",\"description\":\"Zen Experience Concrete Jungle Ciudad de M\u00e9xico\",\"publisher\":{\"@id\":\"https:\/\/zenexperience.mx\/#organization\"},\"alternateName\":\"MIND, BODY & SOUL\",\"potentialAction\":[{\"@type\":\"SearchAction\",\"target\":{\"@type\":\"EntryPoint\",\"urlTemplate\":\"https:\/\/zenexperience.mx\/?s={search_term_string}\"},\"query-input\":{\"@type\":\"PropertyValueSpecification\",\"valueRequired\":true,\"valueName\":\"search_term_string\"}}],\"inLanguage\":\"en-US\"},{\"@type\":\"Organization\",\"@id\":\"https:\/\/zenexperience.mx\/#organization\",\"name\":\"ZEN EXPERIENCE\",\"alternateName\":\"GRUPO LUMINISCENCIA NITIDA\",\"url\":\"https:\/\/zenexperience.mx\/\",\"logo\":{\"@type\":\"ImageObject\",\"inLanguage\":\"en-US\",\"@id\":\"https:\/\/zenexperience.mx\/#\/schema\/logo\/image\/\",\"url\":\"https:\/\/zenexperience.mx\/wp-content\/uploads\/2024\/06\/Logo-para-Perfiles.jpg\",\"contentUrl\":\"https:\/\/zenexperience.mx\/wp-content\/uploads\/2024\/06\/Logo-para-Perfiles.jpg\",\"width\":1600,\"height\":1120,\"caption\":\"ZEN EXPERIENCE\"},\"image\":{\"@id\":\"https:\/\/zenexperience.mx\/#\/schema\/logo\/image\/\"},\"sameAs\":[\"https:\/\/www.facebook.com\/zenexperience.mx\/\",\"https:\/\/x.com\/zenexperiencemx\",\"https:\/\/www.instagram.com\/zenexperience.mx\/\",\"https:\/\/www.tiktok.com\/@zenexperience.mx\",\"https:\/\/www.youtube.com\/@zenexperiencemx\"]}]}<\/script>\n<!-- \/ Yoast SEO plugin. -->","yoast_head_json":{"title":"Celebridades - Zen Experience","description":"ZEN EXPERIENCE is meant to generate real magic within your heart and your deepest truth.","robots":{"index":"noindex","follow":"follow"},"og_locale":"en_US","og_type":"article","og_title":"Celebridades - Zen Experience","og_description":"ZEN EXPERIENCE is meant to generate real magic within your heart and your deepest truth.","og_url":"https:\/\/zenexperience.mx\/en\/celebridades\/","og_site_name":"Zen Experience","article_publisher":"https:\/\/www.facebook.com\/zenexperience.mx\/","article_modified_time":"2024-10-16T04:58:24+00:00","og_image":[{"width":1920,"height":1080,"url":"https:\/\/zenexperience.mx\/wp-content\/uploads\/2024\/06\/Zen-Experience-Concrete-Jungle.jpg","type":"image\/jpeg"}],"twitter_card":"summary_large_image","twitter_site":"@zenexperiencemx","twitter_misc":{"Est. reading time":"2 minutes"},"schema":{"@context":"https:\/\/schema.org","@graph":[{"@type":"WebPage","@id":"https:\/\/zenexperience.mx\/celebridades\/","url":"https:\/\/zenexperience.mx\/celebridades\/","name":"Celebridades - Zen Experience","isPartOf":{"@id":"https:\/\/zenexperience.mx\/#website"},"primaryImageOfPage":{"@id":"https:\/\/zenexperience.mx\/celebridades\/#primaryimage"},"image":{"@id":"https:\/\/zenexperience.mx\/celebridades\/#primaryimage"},"thumbnailUrl":"https:\/\/zenexperience.mx\/wp-content\/uploads\/2024\/06\/Zen-Experience-Concrete-Jungle.jpg","datePublished":"2024-09-17T21:20:46+00:00","dateModified":"2024-10-16T04:58:24+00:00","description":"ZEN EXPERIENCE is meant to generate real magic within your heart and your deepest truth.","breadcrumb":{"@id":"https:\/\/zenexperience.mx\/celebridades\/#breadcrumb"},"inLanguage":"en-US","potentialAction":[{"@type":"ReadAction","target":["https:\/\/zenexperience.mx\/celebridades\/"]}]},{"@type":"ImageObject","inLanguage":"en-US","@id":"https:\/\/zenexperience.mx\/celebridades\/#primaryimage","url":"https:\/\/zenexperience.mx\/wp-content\/uploads\/2024\/06\/Zen-Experience-Concrete-Jungle.jpg","contentUrl":"https:\/\/zenexperience.mx\/wp-content\/uploads\/2024\/06\/Zen-Experience-Concrete-Jungle.jpg","width":1920,"height":1080,"caption":"zen experience concrete jungle Mexico City"},{"@type":"BreadcrumbList","@id":"https:\/\/zenexperience.mx\/celebridades\/#breadcrumb","itemListElement":[{"@type":"ListItem","position":1,"name":"Portada","item":"https:\/\/zenexperience.mx\/"},{"@type":"ListItem","position":2,"name":"Celebridades"}]},{"@type":"WebSite","@id":"https:\/\/zenexperience.mx\/#website","url":"https:\/\/zenexperience.mx\/","name":"Zen Experience","description":"Zen Experience Concrete Jungle Ciudad de M\u00e9xico","publisher":{"@id":"https:\/\/zenexperience.mx\/#organization"},"alternateName":"MIND, BODY & SOUL","potentialAction":[{"@type":"SearchAction","target":{"@type":"EntryPoint","urlTemplate":"https:\/\/zenexperience.mx\/?s={search_term_string}"},"query-input":{"@type":"PropertyValueSpecification","valueRequired":true,"valueName":"search_term_string"}}],"inLanguage":"en-US"},{"@type":"Organization","@id":"https:\/\/zenexperience.mx\/#organization","name":"ZEN EXPERIENCE","alternateName":"GRUPO LUMINISCENCIA NITIDA","url":"https:\/\/zenexperience.mx\/","logo":{"@type":"ImageObject","inLanguage":"en-US","@id":"https:\/\/zenexperience.mx\/#\/schema\/logo\/image\/","url":"https:\/\/zenexperience.mx\/wp-content\/uploads\/2024\/06\/Logo-para-Perfiles.jpg","contentUrl":"https:\/\/zenexperience.mx\/wp-content\/uploads\/2024\/06\/Logo-para-Perfiles.jpg","width":1600,"height":1120,"caption":"ZEN EXPERIENCE"},"image":{"@id":"https:\/\/zenexperience.mx\/#\/schema\/logo\/image\/"},"sameAs":["https:\/\/www.facebook.com\/zenexperience.mx\/","https:\/\/x.com\/zenexperiencemx","https:\/\/www.instagram.com\/zenexperience.mx\/","https:\/\/www.tiktok.com\/@zenexperience.mx","https:\/\/www.youtube.com\/@zenexperiencemx"]}]}},"_links":{"self":[{"href":"https:\/\/zenexperience.mx\/en\/wp-json\/wp\/v2\/pages\/3178","targetHints":{"allow":["GET"]}}],"collection":[{"href":"https:\/\/zenexperience.mx\/en\/wp-json\/wp\/v2\/pages"}],"about":[{"href":"https:\/\/zenexperience.mx\/en\/wp-json\/wp\/v2\/types\/page"}],"author":[{"embeddable":true,"href":"https:\/\/zenexperience.mx\/en\/wp-json\/wp\/v2\/users\/1"}],"replies":[{"embeddable":true,"href":"https:\/\/zenexperience.mx\/en\/wp-json\/wp\/v2\/comments?post=3178"}],"version-history":[{"count":28,"href":"https:\/\/zenexperience.mx\/en\/wp-json\/wp\/v2\/pages\/3178\/revisions"}],"predecessor-version":[{"id":3689,"href":"https:\/\/zenexperience.mx\/en\/wp-json\/wp\/v2\/pages\/3178\/revisions\/3689"}],"wp:featuredmedia":[{"embeddable":true,"href":"https:\/\/zenexperience.mx\/en\/wp-json\/wp\/v2\/media\/212"}],"wp:attachment":[{"href":"https:\/\/zenexperience.mx\/en\/wp-json\/wp\/v2\/media?parent=3178"}],"curies":[{"name":"wp","href":"https:\/\/api.w.org\/{rel}","templated":true}]}}