{"id":3828,"date":"2024-10-30T21:42:06","date_gmt":"2024-10-31T03:42:06","guid":{"rendered":"https:\/\/zenexperience.mx\/?page_id=3828"},"modified":"2025-08-13T21:41:22","modified_gmt":"2025-08-14T03:41:22","slug":"rumbo-a-zen","status":"publish","type":"page","link":"https:\/\/zenexperience.mx\/en\/rumbo-a-zen\/","title":{"rendered":"Rumbo a Zen"},"content":{"rendered":"<div data-elementor-type=\"wp-page\" data-elementor-id=\"3828\" class=\"elementor elementor-3828\" data-elementor-post-type=\"page\">\n\t\t\t\t<div class=\"elementor-element elementor-element-491f34c e-flex e-con-boxed e-con e-parent\" data-id=\"491f34c\" data-element_type=\"container\" data-e-type=\"container\">\n\t\t\t\t\t<div class=\"e-con-inner\">\n\t\t\t\t<div class=\"elementor-element elementor-element-194bb76 elementor-widget elementor-widget-heading\" data-id=\"194bb76\" data-element_type=\"widget\" data-e-type=\"widget\" data-widget_type=\"heading.default\">\n\t\t\t\t<div class=\"elementor-widget-container\">\n\t\t\t\t\t<h1 class=\"elementor-heading-title elementor-size-default\">RUMBO A ZEN<\/h1>\t\t\t\t<\/div>\n\t\t\t\t<\/div>\n\t\t\t\t<div class=\"elementor-element elementor-element-0fa7d4b elementor-widget elementor-widget-text-editor\" data-id=\"0fa7d4b\" data-element_type=\"widget\" data-e-type=\"widget\" data-widget_type=\"text-editor.default\">\n\t\t\t\t<div class=\"elementor-widget-container\">\n\t\t\t\t\t\t\t\t\t<p><span class=\"OYPEnA font-feature-liga-off font-feature-clig-off font-feature-calt-off text-decoration-none text-strikethrough-none\">Rumbo a Zen es una plataforma exclusiva para nuestros asistentes que ya han adquirido su acceso General o Priority en el cual podr\u00e1n reservar actividades adicionales sobre experiencias exclusivas a un precio especial.\u00a0<\/span><\/p>\t\t\t\t\t\t\t\t<\/div>\n\t\t\t\t<\/div>\n\t\t\t\t\t<\/div>\n\t\t\t\t<\/div>\n\t\t<div class=\"elementor-element elementor-element-515b71b e-flex e-con-boxed e-con e-parent\" data-id=\"515b71b\" data-element_type=\"container\" data-e-type=\"container\">\n\t\t\t\t\t<div class=\"e-con-inner\">\n\t\t<div class=\"elementor-element elementor-element-b6cbd94 e-con-full e-flex e-con e-child\" data-id=\"b6cbd94\" data-element_type=\"container\" data-e-type=\"container\" data-settings=\"{&quot;background_background&quot;:&quot;classic&quot;}\">\n\t\t\t\t<div class=\"elementor-element elementor-element-59e245a elementor-position-left elementor-vertical-align-middle elementor-widget elementor-widget-image-box\" data-id=\"59e245a\" data-element_type=\"widget\" data-e-type=\"widget\" data-widget_type=\"image-box.default\">\n\t\t\t\t<div class=\"elementor-widget-container\">\n\t\t\t\t\t<div class=\"elementor-image-box-wrapper\"><figure class=\"elementor-image-box-img\"><a href=\"https:\/\/www.instagram.com\/tribuhalo\/\" tabindex=\"-1\"><img fetchpriority=\"high\" decoding=\"async\" width=\"600\" height=\"600\" src=\"https:\/\/zenexperience.mx\/wp-content\/uploads\/2025\/08\/Har-Hari.jpg\" class=\"attachment-full size-full wp-image-4542\" alt=\"\" srcset=\"https:\/\/zenexperience.mx\/wp-content\/uploads\/2025\/08\/Har-Hari.jpg 600w, https:\/\/zenexperience.mx\/wp-content\/uploads\/2025\/08\/Har-Hari-300x300.jpg 300w, https:\/\/zenexperience.mx\/wp-content\/uploads\/2025\/08\/Har-Hari-150x150.jpg 150w, https:\/\/zenexperience.mx\/wp-content\/uploads\/2025\/08\/Har-Hari-12x12.jpg 12w\" sizes=\"(max-width: 600px) 100vw, 600px\" \/><\/a><\/figure><div class=\"elementor-image-box-content\"><h3 class=\"elementor-image-box-title\"><a href=\"https:\/\/www.instagram.com\/tribuhalo\/\">Despertar del Infinito<\/a><\/h3><\/div><\/div>\t\t\t\t<\/div>\n\t\t\t\t<\/div>\n\t\t<div class=\"elementor-element elementor-element-20a3119 e-con-full e-flex e-con e-child\" data-id=\"20a3119\" data-element_type=\"container\" data-e-type=\"container\" data-settings=\"{&quot;background_background&quot;:&quot;classic&quot;}\">\n\t\t\t\t<div class=\"elementor-element elementor-element-092afae elementor-widget elementor-widget-image\" data-id=\"092afae\" data-element_type=\"widget\" data-e-type=\"widget\" data-widget_type=\"image.default\">\n\t\t\t\t<div class=\"elementor-widget-container\">\n\t\t\t\t\t\t\t\t\t\t\t\t\t\t\t<img decoding=\"async\" width=\"1200\" height=\"800\" data-src=\"https:\/\/zenexperience.mx\/wp-content\/uploads\/2025\/08\/Har-Hari-Gong.jpg\" class=\"attachment-full size-full wp-image-4541 lazyload\" alt=\"\" data-srcset=\"https:\/\/zenexperience.mx\/wp-content\/uploads\/2025\/08\/Har-Hari-Gong.jpg 1200w, https:\/\/zenexperience.mx\/wp-content\/uploads\/2025\/08\/Har-Hari-Gong-300x200.jpg 300w, https:\/\/zenexperience.mx\/wp-content\/uploads\/2025\/08\/Har-Hari-Gong-1024x683.jpg 1024w, https:\/\/zenexperience.mx\/wp-content\/uploads\/2025\/08\/Har-Hari-Gong-768x512.jpg 768w, https:\/\/zenexperience.mx\/wp-content\/uploads\/2025\/08\/Har-Hari-Gong-18x12.jpg 18w\" data-sizes=\"(max-width: 1200px) 100vw, 1200px\" src=\"data:image\/svg+xml;base64,PHN2ZyB3aWR0aD0iMSIgaGVpZ2h0PSIxIiB4bWxucz0iaHR0cDovL3d3dy53My5vcmcvMjAwMC9zdmciPjwvc3ZnPg==\" style=\"--smush-placeholder-width: 1200px; --smush-placeholder-aspect-ratio: 1200\/800;\" \/>\t\t\t\t\t\t\t\t\t\t\t\t\t\t\t<\/div>\n\t\t\t\t<\/div>\n\t\t\t\t<\/div>\n\t\t\t\t<div class=\"elementor-element elementor-element-3445263 elementor-widget elementor-widget-text-editor\" data-id=\"3445263\" data-element_type=\"widget\" data-e-type=\"widget\" data-widget_type=\"text-editor.default\">\n\t\t\t\t<div class=\"elementor-widget-container\">\n\t\t\t\t\t\t\t\t\t<p>\u2728Ad\u00e9ntrate en una experiencia que rompe las cadenas de tu \ud83e\udde0mente, abre tu Tercer Ojo\ud83d\udc41\ufe0f y te libera todos tus bloqueos\ud83c\udf0c Descubre una claridad absoluta \ud83c\udf1f para ver la vida desde un nivel superior y elegir desde tu verdad m\u00e1s pura.<\/p>\t\t\t\t\t\t\t\t<\/div>\n\t\t\t\t<\/div>\n\t\t\t\t<div class=\"elementor-element elementor-element-a775f53 elementor-align-center elementor-widget elementor-widget-button\" data-id=\"a775f53\" data-element_type=\"widget\" data-e-type=\"widget\" data-widget_type=\"button.default\">\n\t\t\t\t<div class=\"elementor-widget-container\">\n\t\t\t\t\t\t\t\t\t<div class=\"elementor-button-wrapper\">\n\t\t\t\t\t<a class=\"elementor-button elementor-button-link elementor-size-sm\" href=\"#elementor-action%3Aaction%3Dpopup%3Aopen%26settings%3DeyJpZCI6IjQ1NTMiLCJ0b2dnbGUiOmZhbHNlfQ%3D%3D\">\n\t\t\t\t\t\t<span class=\"elementor-button-content-wrapper\">\n\t\t\t\t\t\t\t\t\t<span class=\"elementor-button-text\">M\u00c1S INFORMACI\u00d3N<\/span>\n\t\t\t\t\t<\/span>\n\t\t\t\t\t<\/a>\n\t\t\t\t<\/div>\n\t\t\t\t\t\t\t\t<\/div>\n\t\t\t\t<\/div>\n\t\t\t\t<div class=\"elementor-element elementor-element-3360a54 elementor-align-center elementor-widget elementor-widget-button\" data-id=\"3360a54\" data-element_type=\"widget\" data-e-type=\"widget\" data-widget_type=\"button.default\">\n\t\t\t\t<div class=\"elementor-widget-container\">\n\t\t\t\t\t\t\t\t\t<div class=\"elementor-button-wrapper\">\n\t\t\t\t\t<a class=\"elementor-button elementor-button-link elementor-size-sm\" href=\"https:\/\/zenexperience.mx\/en\/zentickets\/producto\/despertar-del-infinito\/\">\n\t\t\t\t\t\t<span class=\"elementor-button-content-wrapper\">\n\t\t\t\t\t\t\t\t\t<span class=\"elementor-button-text\">AGENDAR POR $500 MXN<\/span>\n\t\t\t\t\t<\/span>\n\t\t\t\t\t<\/a>\n\t\t\t\t<\/div>\n\t\t\t\t\t\t\t\t<\/div>\n\t\t\t\t<\/div>\n\t\t\t\t<\/div>\n\t\t<div class=\"elementor-element elementor-element-e8b740e e-con-full e-flex e-con e-child\" data-id=\"e8b740e\" data-element_type=\"container\" data-e-type=\"container\" data-settings=\"{&quot;background_background&quot;:&quot;classic&quot;}\">\n\t\t\t\t<div class=\"elementor-element elementor-element-0732bf6 elementor-position-left elementor-vertical-align-middle elementor-widget elementor-widget-image-box\" data-id=\"0732bf6\" data-element_type=\"widget\" data-e-type=\"widget\" data-widget_type=\"image-box.default\">\n\t\t\t\t<div class=\"elementor-widget-container\">\n\t\t\t\t\t<div class=\"elementor-image-box-wrapper\"><figure class=\"elementor-image-box-img\"><a href=\"https:\/\/www.instagram.com\/tribuhalo\/\" tabindex=\"-1\"><img decoding=\"async\" width=\"600\" height=\"600\" data-src=\"https:\/\/zenexperience.mx\/wp-content\/uploads\/2025\/08\/httpsicecoldture.com_.mxwp-contentuploads202408Asset-1.svg.png\" class=\"attachment-full size-full wp-image-4481 lazyload\" alt=\"\" data-srcset=\"https:\/\/zenexperience.mx\/wp-content\/uploads\/2025\/08\/httpsicecoldture.com_.mxwp-contentuploads202408Asset-1.svg.png 600w, https:\/\/zenexperience.mx\/wp-content\/uploads\/2025\/08\/httpsicecoldture.com_.mxwp-contentuploads202408Asset-1.svg-300x300.png 300w, https:\/\/zenexperience.mx\/wp-content\/uploads\/2025\/08\/httpsicecoldture.com_.mxwp-contentuploads202408Asset-1.svg-150x150.png 150w, https:\/\/zenexperience.mx\/wp-content\/uploads\/2025\/08\/httpsicecoldture.com_.mxwp-contentuploads202408Asset-1.svg-12x12.png 12w\" data-sizes=\"(max-width: 600px) 100vw, 600px\" src=\"data:image\/svg+xml;base64,PHN2ZyB3aWR0aD0iMSIgaGVpZ2h0PSIxIiB4bWxucz0iaHR0cDovL3d3dy53My5vcmcvMjAwMC9zdmciPjwvc3ZnPg==\" style=\"--smush-placeholder-width: 600px; --smush-placeholder-aspect-ratio: 600\/600;\" \/><\/a><\/figure><div class=\"elementor-image-box-content\"><h3 class=\"elementor-image-box-title\"><a href=\"https:\/\/www.instagram.com\/tribuhalo\/\">Inmersi\u00f3n en Hielo<\/a><\/h3><\/div><\/div>\t\t\t\t<\/div>\n\t\t\t\t<\/div>\n\t\t<div class=\"elementor-element elementor-element-17c8711 e-con-full e-flex e-con e-child\" data-id=\"17c8711\" data-element_type=\"container\" data-e-type=\"container\" data-settings=\"{&quot;background_background&quot;:&quot;classic&quot;}\">\n\t\t\t\t<div class=\"elementor-element elementor-element-f268e78 elementor-widget elementor-widget-image\" data-id=\"f268e78\" data-element_type=\"widget\" data-e-type=\"widget\" data-widget_type=\"image.default\">\n\t\t\t\t<div class=\"elementor-widget-container\">\n\t\t\t\t\t\t\t\t\t\t\t\t\t\t\t<img decoding=\"async\" width=\"1200\" height=\"800\" data-src=\"https:\/\/zenexperience.mx\/wp-content\/uploads\/2025\/08\/Ice-Bath-Inmersion-en-Hielo.jpg\" class=\"attachment-full size-full wp-image-4499 lazyload\" alt=\"\" data-srcset=\"https:\/\/zenexperience.mx\/wp-content\/uploads\/2025\/08\/Ice-Bath-Inmersion-en-Hielo.jpg 1200w, https:\/\/zenexperience.mx\/wp-content\/uploads\/2025\/08\/Ice-Bath-Inmersion-en-Hielo-300x200.jpg 300w, https:\/\/zenexperience.mx\/wp-content\/uploads\/2025\/08\/Ice-Bath-Inmersion-en-Hielo-1024x683.jpg 1024w, https:\/\/zenexperience.mx\/wp-content\/uploads\/2025\/08\/Ice-Bath-Inmersion-en-Hielo-768x512.jpg 768w, https:\/\/zenexperience.mx\/wp-content\/uploads\/2025\/08\/Ice-Bath-Inmersion-en-Hielo-18x12.jpg 18w\" data-sizes=\"(max-width: 1200px) 100vw, 1200px\" src=\"data:image\/svg+xml;base64,PHN2ZyB3aWR0aD0iMSIgaGVpZ2h0PSIxIiB4bWxucz0iaHR0cDovL3d3dy53My5vcmcvMjAwMC9zdmciPjwvc3ZnPg==\" style=\"--smush-placeholder-width: 1200px; --smush-placeholder-aspect-ratio: 1200\/800;\" \/>\t\t\t\t\t\t\t\t\t\t\t\t\t\t\t<\/div>\n\t\t\t\t<\/div>\n\t\t\t\t<\/div>\n\t\t\t\t<div class=\"elementor-element elementor-element-d481fb3 elementor-widget elementor-widget-text-editor\" data-id=\"d481fb3\" data-element_type=\"widget\" data-e-type=\"widget\" data-widget_type=\"text-editor.default\">\n\t\t\t\t<div class=\"elementor-widget-container\">\n\t\t\t\t\t\t\t\t\t<p>Desaf\u00eda tus l\u00edmites y despierta tu energ\u00eda vital \ud83e\uddca\u2728 La inmersi\u00f3n en tinas de hielo activa tu circulaci\u00f3n, fortalece tu sistema inmune y acelera la recuperaci\u00f3n f\u00edsica y mental en minutos. Un reto que transforma cuerpo y mente.<\/p>\t\t\t\t\t\t\t\t<\/div>\n\t\t\t\t<\/div>\n\t\t\t\t<div class=\"elementor-element elementor-element-8efc123 elementor-align-center elementor-widget elementor-widget-button\" data-id=\"8efc123\" data-element_type=\"widget\" data-e-type=\"widget\" data-widget_type=\"button.default\">\n\t\t\t\t<div class=\"elementor-widget-container\">\n\t\t\t\t\t\t\t\t\t<div class=\"elementor-button-wrapper\">\n\t\t\t\t\t<a class=\"elementor-button elementor-button-link elementor-size-sm\" href=\"#elementor-action%3Aaction%3Dpopup%3Aopen%26settings%3DeyJpZCI6IjQ1MTAiLCJ0b2dnbGUiOmZhbHNlfQ%3D%3D\">\n\t\t\t\t\t\t<span class=\"elementor-button-content-wrapper\">\n\t\t\t\t\t\t\t\t\t<span class=\"elementor-button-text\">M\u00c1S INFORMACI\u00d3N<\/span>\n\t\t\t\t\t<\/span>\n\t\t\t\t\t<\/a>\n\t\t\t\t<\/div>\n\t\t\t\t\t\t\t\t<\/div>\n\t\t\t\t<\/div>\n\t\t\t\t<div class=\"elementor-element elementor-element-0fcfb9d elementor-align-center elementor-widget elementor-widget-button\" data-id=\"0fcfb9d\" data-element_type=\"widget\" data-e-type=\"widget\" data-widget_type=\"button.default\">\n\t\t\t\t<div class=\"elementor-widget-container\">\n\t\t\t\t\t\t\t\t\t<div class=\"elementor-button-wrapper\">\n\t\t\t\t\t<a class=\"elementor-button elementor-button-link elementor-size-sm\" href=\"https:\/\/zenexperience.mx\/en\/zentickets\/producto\/ice-bath\/\">\n\t\t\t\t\t\t<span class=\"elementor-button-content-wrapper\">\n\t\t\t\t\t\t\t\t\t<span class=\"elementor-button-text\">AGENDAR POR $500 MXN<\/span>\n\t\t\t\t\t<\/span>\n\t\t\t\t\t<\/a>\n\t\t\t\t<\/div>\n\t\t\t\t\t\t\t\t<\/div>\n\t\t\t\t<\/div>\n\t\t\t\t<\/div>\n\t\t<div class=\"elementor-element elementor-element-ee4b1e3 e-con-full e-flex e-con e-child\" data-id=\"ee4b1e3\" data-element_type=\"container\" data-e-type=\"container\">\n\t\t\t\t<\/div>\n\t\t\t\t\t<\/div>\n\t\t\t\t<\/div>\n\t\t\t\t<\/div>","protected":false},"excerpt":{"rendered":"<p>RUMBO A ZEN Rumbo a Zen es una plataforma exclusiva para nuestros asistentes que ya han adquirido su acceso General o Priority en el cual podr\u00e1n reservar actividades adicionales sobre experiencias exclusivas a un precio especial.\u00a0 Despertar del Infinito \u2728Ad\u00e9ntrate en una experiencia que rompe las cadenas de tu \ud83e\udde0mente, abre tu Tercer Ojo\ud83d\udc41\ufe0f y [&hellip;]<\/p>\n","protected":false},"author":1,"featured_media":0,"parent":0,"menu_order":0,"comment_status":"closed","ping_status":"closed","template":"","meta":{"content-type":"","_joinchat":[],"footnotes":""},"class_list":["post-3828","page","type-page","status-publish","hentry"],"yoast_head":"<!-- This site is optimized with the Yoast SEO plugin v27.1.1 - https:\/\/yoast.com\/product\/yoast-seo-wordpress\/ -->\n<title>Rumbo a Zen - Zen Experience<\/title>\n<meta name=\"description\" content=\"ZEN EXPERIENCE is meant to generate real magic within your heart and your deepest truth.\" \/>\n<meta name=\"robots\" content=\"index, follow, max-snippet:-1, max-image-preview:large, max-video-preview:-1\" \/>\n<link rel=\"canonical\" href=\"https:\/\/zenexperience.mx\/en\/rumbo-a-zen\/\" \/>\n<meta property=\"og:locale\" content=\"en_US\" \/>\n<meta property=\"og:type\" content=\"article\" \/>\n<meta property=\"og:title\" content=\"Rumbo a Zen - Zen Experience\" \/>\n<meta property=\"og:description\" content=\"ZEN EXPERIENCE is meant to generate real magic within your heart and your deepest truth.\" \/>\n<meta property=\"og:url\" content=\"https:\/\/zenexperience.mx\/en\/rumbo-a-zen\/\" \/>\n<meta property=\"og:site_name\" content=\"Zen Experience\" \/>\n<meta property=\"article:publisher\" content=\"https:\/\/www.facebook.com\/zenexperience.mx\/\" \/>\n<meta property=\"article:modified_time\" content=\"2025-08-14T03:41:22+00:00\" \/>\n<meta property=\"og:image\" content=\"https:\/\/zenexperience.mx\/wp-content\/uploads\/2025\/08\/Har-Hari.jpg\" \/>\n\t<meta property=\"og:image:width\" content=\"600\" \/>\n\t<meta property=\"og:image:height\" content=\"600\" \/>\n\t<meta property=\"og:image:type\" content=\"image\/jpeg\" \/>\n<meta name=\"twitter:card\" content=\"summary_large_image\" \/>\n<meta name=\"twitter:site\" content=\"@zenexperiencemx\" \/>\n<meta name=\"twitter:label1\" content=\"Est. reading time\" \/>\n\t<meta name=\"twitter:data1\" content=\"3 minutes\" \/>\n<script type=\"application\/ld+json\" class=\"yoast-schema-graph\">{\"@context\":\"https:\/\/schema.org\",\"@graph\":[{\"@type\":\"WebPage\",\"@id\":\"https:\/\/zenexperience.mx\/rumbo-a-zen\/\",\"url\":\"https:\/\/zenexperience.mx\/rumbo-a-zen\/\",\"name\":\"Rumbo a Zen - Zen Experience\",\"isPartOf\":{\"@id\":\"https:\/\/zenexperience.mx\/#website\"},\"primaryImageOfPage\":{\"@id\":\"https:\/\/zenexperience.mx\/rumbo-a-zen\/#primaryimage\"},\"image\":{\"@id\":\"https:\/\/zenexperience.mx\/rumbo-a-zen\/#primaryimage\"},\"thumbnailUrl\":\"https:\/\/zenexperience.mx\/wp-content\/uploads\/2025\/08\/Har-Hari.jpg\",\"datePublished\":\"2024-10-31T03:42:06+00:00\",\"dateModified\":\"2025-08-14T03:41:22+00:00\",\"description\":\"ZEN EXPERIENCE is meant to generate real magic within your heart and your deepest truth.\",\"breadcrumb\":{\"@id\":\"https:\/\/zenexperience.mx\/rumbo-a-zen\/#breadcrumb\"},\"inLanguage\":\"en-US\",\"potentialAction\":[{\"@type\":\"ReadAction\",\"target\":[\"https:\/\/zenexperience.mx\/rumbo-a-zen\/\"]}]},{\"@type\":\"ImageObject\",\"inLanguage\":\"en-US\",\"@id\":\"https:\/\/zenexperience.mx\/rumbo-a-zen\/#primaryimage\",\"url\":\"https:\/\/zenexperience.mx\/wp-content\/uploads\/2025\/08\/Har-Hari.jpg\",\"contentUrl\":\"https:\/\/zenexperience.mx\/wp-content\/uploads\/2025\/08\/Har-Hari.jpg\"},{\"@type\":\"BreadcrumbList\",\"@id\":\"https:\/\/zenexperience.mx\/rumbo-a-zen\/#breadcrumb\",\"itemListElement\":[{\"@type\":\"ListItem\",\"position\":1,\"name\":\"Portada\",\"item\":\"https:\/\/zenexperience.mx\/\"},{\"@type\":\"ListItem\",\"position\":2,\"name\":\"Rumbo a Zen\"}]},{\"@type\":\"WebSite\",\"@id\":\"https:\/\/zenexperience.mx\/#website\",\"url\":\"https:\/\/zenexperience.mx\/\",\"name\":\"Zen Experience\",\"description\":\"Zen Experience Concrete Jungle Ciudad de M\u00e9xico\",\"publisher\":{\"@id\":\"https:\/\/zenexperience.mx\/#organization\"},\"alternateName\":\"MIND, BODY & SOUL\",\"potentialAction\":[{\"@type\":\"SearchAction\",\"target\":{\"@type\":\"EntryPoint\",\"urlTemplate\":\"https:\/\/zenexperience.mx\/?s={search_term_string}\"},\"query-input\":{\"@type\":\"PropertyValueSpecification\",\"valueRequired\":true,\"valueName\":\"search_term_string\"}}],\"inLanguage\":\"en-US\"},{\"@type\":\"Organization\",\"@id\":\"https:\/\/zenexperience.mx\/#organization\",\"name\":\"ZEN EXPERIENCE\",\"alternateName\":\"GRUPO LUMINISCENCIA NITIDA\",\"url\":\"https:\/\/zenexperience.mx\/\",\"logo\":{\"@type\":\"ImageObject\",\"inLanguage\":\"en-US\",\"@id\":\"https:\/\/zenexperience.mx\/#\/schema\/logo\/image\/\",\"url\":\"https:\/\/zenexperience.mx\/wp-content\/uploads\/2024\/06\/Logo-para-Perfiles.jpg\",\"contentUrl\":\"https:\/\/zenexperience.mx\/wp-content\/uploads\/2024\/06\/Logo-para-Perfiles.jpg\",\"width\":1600,\"height\":1120,\"caption\":\"ZEN EXPERIENCE\"},\"image\":{\"@id\":\"https:\/\/zenexperience.mx\/#\/schema\/logo\/image\/\"},\"sameAs\":[\"https:\/\/www.facebook.com\/zenexperience.mx\/\",\"https:\/\/x.com\/zenexperiencemx\",\"https:\/\/www.instagram.com\/zenexperience.mx\/\",\"https:\/\/www.tiktok.com\/@zenexperience.mx\",\"https:\/\/www.youtube.com\/@zenexperiencemx\"]}]}<\/script>\n<!-- \/ Yoast SEO plugin. -->","yoast_head_json":{"title":"Rumbo a Zen - Zen Experience","description":"ZEN EXPERIENCE is meant to generate real magic within your heart and your deepest truth.","robots":{"index":"index","follow":"follow","max-snippet":"max-snippet:-1","max-image-preview":"max-image-preview:large","max-video-preview":"max-video-preview:-1"},"canonical":"https:\/\/zenexperience.mx\/en\/rumbo-a-zen\/","og_locale":"en_US","og_type":"article","og_title":"Rumbo a Zen - Zen Experience","og_description":"ZEN EXPERIENCE is meant to generate real magic within your heart and your deepest truth.","og_url":"https:\/\/zenexperience.mx\/en\/rumbo-a-zen\/","og_site_name":"Zen Experience","article_publisher":"https:\/\/www.facebook.com\/zenexperience.mx\/","article_modified_time":"2025-08-14T03:41:22+00:00","og_image":[{"width":600,"height":600,"url":"https:\/\/zenexperience.mx\/wp-content\/uploads\/2025\/08\/Har-Hari.jpg","type":"image\/jpeg"}],"twitter_card":"summary_large_image","twitter_site":"@zenexperiencemx","twitter_misc":{"Est. reading time":"3 minutes"},"schema":{"@context":"https:\/\/schema.org","@graph":[{"@type":"WebPage","@id":"https:\/\/zenexperience.mx\/rumbo-a-zen\/","url":"https:\/\/zenexperience.mx\/rumbo-a-zen\/","name":"Rumbo a Zen - Zen Experience","isPartOf":{"@id":"https:\/\/zenexperience.mx\/#website"},"primaryImageOfPage":{"@id":"https:\/\/zenexperience.mx\/rumbo-a-zen\/#primaryimage"},"image":{"@id":"https:\/\/zenexperience.mx\/rumbo-a-zen\/#primaryimage"},"thumbnailUrl":"https:\/\/zenexperience.mx\/wp-content\/uploads\/2025\/08\/Har-Hari.jpg","datePublished":"2024-10-31T03:42:06+00:00","dateModified":"2025-08-14T03:41:22+00:00","description":"ZEN EXPERIENCE is meant to generate real magic within your heart and your deepest truth.","breadcrumb":{"@id":"https:\/\/zenexperience.mx\/rumbo-a-zen\/#breadcrumb"},"inLanguage":"en-US","potentialAction":[{"@type":"ReadAction","target":["https:\/\/zenexperience.mx\/rumbo-a-zen\/"]}]},{"@type":"ImageObject","inLanguage":"en-US","@id":"https:\/\/zenexperience.mx\/rumbo-a-zen\/#primaryimage","url":"https:\/\/zenexperience.mx\/wp-content\/uploads\/2025\/08\/Har-Hari.jpg","contentUrl":"https:\/\/zenexperience.mx\/wp-content\/uploads\/2025\/08\/Har-Hari.jpg"},{"@type":"BreadcrumbList","@id":"https:\/\/zenexperience.mx\/rumbo-a-zen\/#breadcrumb","itemListElement":[{"@type":"ListItem","position":1,"name":"Portada","item":"https:\/\/zenexperience.mx\/"},{"@type":"ListItem","position":2,"name":"Rumbo a Zen"}]},{"@type":"WebSite","@id":"https:\/\/zenexperience.mx\/#website","url":"https:\/\/zenexperience.mx\/","name":"Zen Experience","description":"Zen Experience Concrete Jungle Ciudad de M\u00e9xico","publisher":{"@id":"https:\/\/zenexperience.mx\/#organization"},"alternateName":"MIND, BODY & SOUL","potentialAction":[{"@type":"SearchAction","target":{"@type":"EntryPoint","urlTemplate":"https:\/\/zenexperience.mx\/?s={search_term_string}"},"query-input":{"@type":"PropertyValueSpecification","valueRequired":true,"valueName":"search_term_string"}}],"inLanguage":"en-US"},{"@type":"Organization","@id":"https:\/\/zenexperience.mx\/#organization","name":"ZEN EXPERIENCE","alternateName":"GRUPO LUMINISCENCIA NITIDA","url":"https:\/\/zenexperience.mx\/","logo":{"@type":"ImageObject","inLanguage":"en-US","@id":"https:\/\/zenexperience.mx\/#\/schema\/logo\/image\/","url":"https:\/\/zenexperience.mx\/wp-content\/uploads\/2024\/06\/Logo-para-Perfiles.jpg","contentUrl":"https:\/\/zenexperience.mx\/wp-content\/uploads\/2024\/06\/Logo-para-Perfiles.jpg","width":1600,"height":1120,"caption":"ZEN EXPERIENCE"},"image":{"@id":"https:\/\/zenexperience.mx\/#\/schema\/logo\/image\/"},"sameAs":["https:\/\/www.facebook.com\/zenexperience.mx\/","https:\/\/x.com\/zenexperiencemx","https:\/\/www.instagram.com\/zenexperience.mx\/","https:\/\/www.tiktok.com\/@zenexperience.mx","https:\/\/www.youtube.com\/@zenexperiencemx"]}]}},"_links":{"self":[{"href":"https:\/\/zenexperience.mx\/en\/wp-json\/wp\/v2\/pages\/3828","targetHints":{"allow":["GET"]}}],"collection":[{"href":"https:\/\/zenexperience.mx\/en\/wp-json\/wp\/v2\/pages"}],"about":[{"href":"https:\/\/zenexperience.mx\/en\/wp-json\/wp\/v2\/types\/page"}],"author":[{"embeddable":true,"href":"https:\/\/zenexperience.mx\/en\/wp-json\/wp\/v2\/users\/1"}],"replies":[{"embeddable":true,"href":"https:\/\/zenexperience.mx\/en\/wp-json\/wp\/v2\/comments?post=3828"}],"version-history":[{"count":49,"href":"https:\/\/zenexperience.mx\/en\/wp-json\/wp\/v2\/pages\/3828\/revisions"}],"predecessor-version":[{"id":4560,"href":"https:\/\/zenexperience.mx\/en\/wp-json\/wp\/v2\/pages\/3828\/revisions\/4560"}],"wp:attachment":[{"href":"https:\/\/zenexperience.mx\/en\/wp-json\/wp\/v2\/media?parent=3828"}],"curies":[{"name":"wp","href":"https:\/\/api.w.org\/{rel}","templated":true}]}}