{"id":3929,"date":"2024-11-13T13:10:41","date_gmt":"2024-11-13T19:10:41","guid":{"rendered":"https:\/\/zenexperience.mx\/?page_id=3929"},"modified":"2024-11-13T15:25:24","modified_gmt":"2024-11-13T21:25:24","slug":"cortesias","status":"publish","type":"page","link":"https:\/\/zenexperience.mx\/en\/cortesias\/","title":{"rendered":"Cortes\u00edas"},"content":{"rendered":"\t\t<div data-elementor-type=\"wp-page\" data-elementor-id=\"3929\" class=\"elementor elementor-3929\" data-elementor-post-type=\"page\">\n\t\t\t\t<div class=\"elementor-element elementor-element-3e8c360 e-flex e-con-boxed e-con e-parent\" data-id=\"3e8c360\" data-element_type=\"container\" data-e-type=\"container\">\n\t\t\t\t\t<div class=\"e-con-inner\">\n\t\t\t\t<div class=\"elementor-element elementor-element-c869c6c elementor-widget elementor-widget-heading\" data-id=\"c869c6c\" data-element_type=\"widget\" data-e-type=\"widget\" data-widget_type=\"heading.default\">\n\t\t\t\t<div class=\"elementor-widget-container\">\n\t\t\t\t\t<p class=\"elementor-heading-title elementor-size-default\">Solicitud de Cortes\u00edas<\/p>\t\t\t\t<\/div>\n\t\t\t\t<\/div>\n\t\t\t\t<div class=\"elementor-element elementor-element-d1ae6dd elementor-widget-laptop__width-initial elementor-widget elementor-widget-text-editor\" data-id=\"d1ae6dd\" data-element_type=\"widget\" data-e-type=\"widget\" data-widget_type=\"text-editor.default\">\n\t\t\t\t<div class=\"elementor-widget-container\">\n\t\t\t\t\t\t\t\t\t<p>Bienvenido a la p\u00e1gina de registro de cortes\u00edas de <strong>Zen Experience<\/strong>. Para asegurar que tus invitados tengan una experiencia personalizada y \u00fanica, te pedimos que ingreses los datos de las personas que recibir\u00e1n las cortes\u00edas.<\/p><p>Cada acceso es <strong>intransferible<\/strong> y ser\u00e1 emitido exclusivamente para la persona registrada, por lo que es fundamental que los datos proporcionados sean exactos y completos. Esta medida garantiza la seguridad y autenticidad de cada acceso, asegurando una experiencia inigualable para todos nuestros asistentes.<\/p><p><strong>Importante:<\/strong> Te recordamos que debes solicitar solo la cantidad de accesos indicados en tu carta de colaboraci\u00f3n. <strong>No nos hacemos responsables<\/strong> en caso de que se intente registrar un n\u00famero de cortes\u00edas superior al acordado.<\/p>\t\t\t\t\t\t\t\t<\/div>\n\t\t\t\t<\/div>\n\t\t\t\t<div class=\"elementor-element elementor-element-14a88ca elementor-widget-laptop__width-initial elementor-button-align-stretch elementor-widget elementor-widget-form\" data-id=\"14a88ca\" data-element_type=\"widget\" data-e-type=\"widget\" data-settings=\"{&quot;step_next_label&quot;:&quot;Siguiente&quot;,&quot;step_previous_label&quot;:&quot;Anterior&quot;,&quot;button_width&quot;:&quot;100&quot;,&quot;step_type&quot;:&quot;number_text&quot;,&quot;step_icon_shape&quot;:&quot;circle&quot;}\" data-widget_type=\"form.default\">\n\t\t\t\t<div class=\"elementor-widget-container\">\n\t\t\t\t\t\t\t<form class=\"elementor-form\" method=\"post\" name=\"Solicitud de Cortes\u00edas\" aria-label=\"Solicitud de Cortes\u00edas\">\n\t\t\t<input type=\"hidden\" name=\"post_id\" value=\"3929\"\/>\n\t\t\t<input type=\"hidden\" name=\"form_id\" value=\"14a88ca\"\/>\n\t\t\t<input type=\"hidden\" name=\"referer_title\" value=\"Cortes\u00edas - Zen Experience\" \/>\n\n\t\t\t\t\t\t\t<input type=\"hidden\" name=\"queried_id\" value=\"3929\"\/>\n\t\t\t\n\t\t\t<div class=\"elementor-form-fields-wrapper elementor-labels-\">\n\t\t\t\t\t\t\t\t<div class=\"elementor-field-type-html elementor-field-group elementor-column elementor-field-group-field_51abd8a elementor-col-100\">\n\t\t\t\t\tPor favor, completa el formulario con los datos \u00fanicos de cada beneficiario de cortes\u00eda\t\t\t\t<\/div>\n\t\t\t\t\t\t\t\t<div class=\"elementor-field-type-text elementor-field-group elementor-column elementor-field-group-name elementor-col-50 elementor-field-required\">\n\t\t\t\t\t\t\t\t\t\t\t\t<label for=\"form-field-name\" class=\"elementor-field-label elementor-screen-only\">\n\t\t\t\t\t\t\t\tNombre completo\t\t\t\t\t\t\t<\/label>\n\t\t\t\t\t\t\t\t\t\t\t\t\t\t<input size=\"1\" type=\"text\" name=\"form_fields[name]\" id=\"form-field-name\" class=\"elementor-field elementor-size-sm  elementor-field-textual\" placeholder=\"Nombre completo\" required=\"required\">\n\t\t\t\t\t\t\t\t\t\t\t<\/div>\n\t\t\t\t\t\t\t\t<div class=\"elementor-field-type-email elementor-field-group elementor-column elementor-field-group-email elementor-col-50 elementor-field-required\">\n\t\t\t\t\t\t\t\t\t\t\t\t<label for=\"form-field-email\" class=\"elementor-field-label elementor-screen-only\">\n\t\t\t\t\t\t\t\tCorreo electr\u00f3nico\t\t\t\t\t\t\t<\/label>\n\t\t\t\t\t\t\t\t\t\t\t\t\t\t<input size=\"1\" type=\"email\" name=\"form_fields[email]\" id=\"form-field-email\" class=\"elementor-field elementor-size-sm  elementor-field-textual\" placeholder=\"Correo electr\u00f3nico\" required=\"required\">\n\t\t\t\t\t\t\t\t\t\t\t<\/div>\n\t\t\t\t\t\t\t\t<div class=\"elementor-field-type-email elementor-field-group elementor-column elementor-field-group-Phone elementor-col-40 elementor-field-required\">\n\t\t\t\t\t\t\t\t\t\t\t\t<label for=\"form-field-Phone\" class=\"elementor-field-label elementor-screen-only\">\n\t\t\t\t\t\t\t\tTel\u00e9fono de contacto\t\t\t\t\t\t\t<\/label>\n\t\t\t\t\t\t\t\t\t\t\t\t\t\t<input size=\"1\" type=\"email\" name=\"form_fields[Phone]\" id=\"form-field-Phone\" class=\"elementor-field elementor-size-sm  elementor-field-textual\" placeholder=\"Tel\u00e9fono de contacto\" required=\"required\">\n\t\t\t\t\t\t\t\t\t\t\t<\/div>\n\t\t\t\t\t\t\t\t<div class=\"elementor-field-type-email elementor-field-group elementor-column elementor-field-group-field_dc91a18 elementor-col-60 elementor-field-required\">\n\t\t\t\t\t\t\t\t\t\t\t\t<label for=\"form-field-field_dc91a18\" class=\"elementor-field-label elementor-screen-only\">\n\t\t\t\t\t\t\t\tNombre de tu empresa o negocio\t\t\t\t\t\t\t<\/label>\n\t\t\t\t\t\t\t\t\t\t\t\t\t\t<input size=\"1\" type=\"email\" name=\"form_fields[field_dc91a18]\" id=\"form-field-field_dc91a18\" class=\"elementor-field elementor-size-sm  elementor-field-textual\" placeholder=\"Nombre de tu empresa o negocio\" required=\"required\">\n\t\t\t\t\t\t\t\t\t\t\t<\/div>\n\t\t\t\t\t\t\t\t<div class=\"elementor-field-type-select elementor-field-group elementor-column elementor-field-group-field_a1b4d54 elementor-col-100 elementor-field-required\">\n\t\t\t\t\t\t\t\t\t\t\t\t<label for=\"form-field-field_a1b4d54\" class=\"elementor-field-label elementor-screen-only\">\n\t\t\t\t\t\t\t\tTipo de acceso\t\t\t\t\t\t\t<\/label>\n\t\t\t\t\t\t\t\t<div class=\"elementor-field elementor-select-wrapper remove-before \">\n\t\t\t<div class=\"select-caret-down-wrapper\">\n\t\t\t\t<svg aria-hidden=\"true\" class=\"e-font-icon-svg e-eicon-caret-down\" viewBox=\"0 0 571.4 571.4\" xmlns=\"http:\/\/www.w3.org\/2000\/svg\"><path d=\"M571 393Q571 407 561 418L311 668Q300 679 286 679T261 668L11 418Q0 407 0 393T11 368 36 357H536Q550 357 561 368T571 393Z\"><\/path><\/svg>\t\t\t<\/div>\n\t\t\t<select name=\"form_fields[field_a1b4d54]\" id=\"form-field-field_a1b4d54\" class=\"elementor-field-textual elementor-size-sm\" required=\"required\">\n\t\t\t\t\t\t\t\t\t<option value=\"Selecciona tipo de cortes\u00eda\">Selecciona tipo de cortes\u00eda<\/option>\n\t\t\t\t\t\t\t\t\t<option value=\"2 Day Pass\">2 Day Pass<\/option>\n\t\t\t\t\t\t\t\t\t<option value=\"VIP Pass\">VIP Pass<\/option>\n\t\t\t\t\t\t\t<\/select>\n\t\t<\/div>\n\t\t\t\t\t\t<\/div>\n\t\t\t\t\t\t\t\t<div class=\"elementor-field-group elementor-column elementor-field-type-submit elementor-col-100 e-form__buttons\">\n\t\t\t\t\t<button class=\"elementor-button elementor-size-sm\" type=\"submit\" id=\"cortesias\">\n\t\t\t\t\t\t<span class=\"elementor-button-content-wrapper\">\n\t\t\t\t\t\t\t\t\t\t\t\t\t\t\t\t\t\t\t\t\t\t<span class=\"elementor-button-text\">SOLICITAR CORTES\u00cdA<\/span>\n\t\t\t\t\t\t\t\t\t\t\t\t\t<\/span>\n\t\t\t\t\t<\/button>\n\t\t\t\t<\/div>\n\t\t\t<\/div>\n\t\t<\/form>\n\t\t\t\t\t\t<\/div>\n\t\t\t\t<\/div>\n\t\t\t\t\t<\/div>\n\t\t\t\t<\/div>\n\t\t\t\t<\/div>\n\t\t","protected":false},"excerpt":{"rendered":"<p>Solicitud de Cortes\u00edas Bienvenido a la p\u00e1gina de registro de cortes\u00edas de Zen Experience. Para asegurar que tus invitados tengan una experiencia personalizada y \u00fanica, te pedimos que ingreses los datos de las personas que recibir\u00e1n las cortes\u00edas. Cada acceso es intransferible y ser\u00e1 emitido exclusivamente para la persona registrada, por lo que es fundamental [&hellip;]<\/p>\n","protected":false},"author":1,"featured_media":0,"parent":0,"menu_order":0,"comment_status":"closed","ping_status":"closed","template":"","meta":{"content-type":"","_joinchat":[],"footnotes":""},"class_list":["post-3929","page","type-page","status-publish","hentry"],"yoast_head":"<!-- This site is optimized with the Yoast SEO plugin v27.1.1 - https:\/\/yoast.com\/product\/yoast-seo-wordpress\/ -->\n<title>Cortes\u00edas - Zen Experience<\/title>\n<meta name=\"description\" content=\"ZEN EXPERIENCE is meant to generate real magic within your heart and your deepest truth.\" \/>\n<meta name=\"robots\" content=\"index, follow, max-snippet:-1, max-image-preview:large, max-video-preview:-1\" \/>\n<link rel=\"canonical\" href=\"https:\/\/zenexperience.mx\/en\/cortesias\/\" \/>\n<meta property=\"og:locale\" content=\"en_US\" \/>\n<meta property=\"og:type\" content=\"article\" \/>\n<meta property=\"og:title\" content=\"Cortes\u00edas - Zen Experience\" \/>\n<meta property=\"og:description\" content=\"ZEN EXPERIENCE is meant to generate real magic within your heart and your deepest truth.\" \/>\n<meta property=\"og:url\" content=\"https:\/\/zenexperience.mx\/en\/cortesias\/\" \/>\n<meta property=\"og:site_name\" content=\"Zen Experience\" \/>\n<meta property=\"article:publisher\" content=\"https:\/\/www.facebook.com\/zenexperience.mx\/\" \/>\n<meta property=\"article:modified_time\" content=\"2024-11-13T21:25:24+00:00\" \/>\n<meta property=\"og:image\" content=\"https:\/\/zenexperience.mx\/wp-content\/uploads\/2024\/06\/Anuncio.jpg\" \/>\n\t<meta property=\"og:image:width\" content=\"1600\" \/>\n\t<meta property=\"og:image:height\" content=\"1120\" \/>\n\t<meta property=\"og:image:type\" content=\"image\/jpeg\" \/>\n<meta name=\"twitter:card\" content=\"summary_large_image\" \/>\n<meta name=\"twitter:site\" content=\"@zenexperiencemx\" \/>\n<meta name=\"twitter:label1\" content=\"Est. reading time\" \/>\n\t<meta name=\"twitter:data1\" content=\"1 minute\" \/>\n<script type=\"application\/ld+json\" class=\"yoast-schema-graph\">{\"@context\":\"https:\/\/schema.org\",\"@graph\":[{\"@type\":\"WebPage\",\"@id\":\"https:\/\/zenexperience.mx\/cortesias\/\",\"url\":\"https:\/\/zenexperience.mx\/cortesias\/\",\"name\":\"Cortes\u00edas - Zen Experience\",\"isPartOf\":{\"@id\":\"https:\/\/zenexperience.mx\/#website\"},\"datePublished\":\"2024-11-13T19:10:41+00:00\",\"dateModified\":\"2024-11-13T21:25:24+00:00\",\"description\":\"ZEN EXPERIENCE is meant to generate real magic within your heart and your deepest truth.\",\"breadcrumb\":{\"@id\":\"https:\/\/zenexperience.mx\/cortesias\/#breadcrumb\"},\"inLanguage\":\"en-US\",\"potentialAction\":[{\"@type\":\"ReadAction\",\"target\":[\"https:\/\/zenexperience.mx\/cortesias\/\"]}]},{\"@type\":\"BreadcrumbList\",\"@id\":\"https:\/\/zenexperience.mx\/cortesias\/#breadcrumb\",\"itemListElement\":[{\"@type\":\"ListItem\",\"position\":1,\"name\":\"Portada\",\"item\":\"https:\/\/zenexperience.mx\/\"},{\"@type\":\"ListItem\",\"position\":2,\"name\":\"Cortes\u00edas\"}]},{\"@type\":\"WebSite\",\"@id\":\"https:\/\/zenexperience.mx\/#website\",\"url\":\"https:\/\/zenexperience.mx\/\",\"name\":\"Zen Experience\",\"description\":\"Zen Experience Concrete Jungle Ciudad de M\u00e9xico\",\"publisher\":{\"@id\":\"https:\/\/zenexperience.mx\/#organization\"},\"alternateName\":\"MIND, BODY & SOUL\",\"potentialAction\":[{\"@type\":\"SearchAction\",\"target\":{\"@type\":\"EntryPoint\",\"urlTemplate\":\"https:\/\/zenexperience.mx\/?s={search_term_string}\"},\"query-input\":{\"@type\":\"PropertyValueSpecification\",\"valueRequired\":true,\"valueName\":\"search_term_string\"}}],\"inLanguage\":\"en-US\"},{\"@type\":\"Organization\",\"@id\":\"https:\/\/zenexperience.mx\/#organization\",\"name\":\"ZEN EXPERIENCE\",\"alternateName\":\"GRUPO LUMINISCENCIA NITIDA\",\"url\":\"https:\/\/zenexperience.mx\/\",\"logo\":{\"@type\":\"ImageObject\",\"inLanguage\":\"en-US\",\"@id\":\"https:\/\/zenexperience.mx\/#\/schema\/logo\/image\/\",\"url\":\"https:\/\/zenexperience.mx\/wp-content\/uploads\/2024\/06\/Logo-para-Perfiles.jpg\",\"contentUrl\":\"https:\/\/zenexperience.mx\/wp-content\/uploads\/2024\/06\/Logo-para-Perfiles.jpg\",\"width\":1600,\"height\":1120,\"caption\":\"ZEN EXPERIENCE\"},\"image\":{\"@id\":\"https:\/\/zenexperience.mx\/#\/schema\/logo\/image\/\"},\"sameAs\":[\"https:\/\/www.facebook.com\/zenexperience.mx\/\",\"https:\/\/x.com\/zenexperiencemx\",\"https:\/\/www.instagram.com\/zenexperience.mx\/\",\"https:\/\/www.tiktok.com\/@zenexperience.mx\",\"https:\/\/www.youtube.com\/@zenexperiencemx\"]}]}<\/script>\n<!-- \/ Yoast SEO plugin. -->","yoast_head_json":{"title":"Cortes\u00edas - Zen Experience","description":"ZEN EXPERIENCE is meant to generate real magic within your heart and your deepest truth.","robots":{"index":"index","follow":"follow","max-snippet":"max-snippet:-1","max-image-preview":"max-image-preview:large","max-video-preview":"max-video-preview:-1"},"canonical":"https:\/\/zenexperience.mx\/en\/cortesias\/","og_locale":"en_US","og_type":"article","og_title":"Cortes\u00edas - Zen Experience","og_description":"ZEN EXPERIENCE is meant to generate real magic within your heart and your deepest truth.","og_url":"https:\/\/zenexperience.mx\/en\/cortesias\/","og_site_name":"Zen Experience","article_publisher":"https:\/\/www.facebook.com\/zenexperience.mx\/","article_modified_time":"2024-11-13T21:25:24+00:00","og_image":[{"width":1600,"height":1120,"url":"https:\/\/zenexperience.mx\/wp-content\/uploads\/2024\/06\/Anuncio.jpg","type":"image\/jpeg"}],"twitter_card":"summary_large_image","twitter_site":"@zenexperiencemx","twitter_misc":{"Est. reading time":"1 minute"},"schema":{"@context":"https:\/\/schema.org","@graph":[{"@type":"WebPage","@id":"https:\/\/zenexperience.mx\/cortesias\/","url":"https:\/\/zenexperience.mx\/cortesias\/","name":"Cortes\u00edas - Zen Experience","isPartOf":{"@id":"https:\/\/zenexperience.mx\/#website"},"datePublished":"2024-11-13T19:10:41+00:00","dateModified":"2024-11-13T21:25:24+00:00","description":"ZEN EXPERIENCE is meant to generate real magic within your heart and your deepest truth.","breadcrumb":{"@id":"https:\/\/zenexperience.mx\/cortesias\/#breadcrumb"},"inLanguage":"en-US","potentialAction":[{"@type":"ReadAction","target":["https:\/\/zenexperience.mx\/cortesias\/"]}]},{"@type":"BreadcrumbList","@id":"https:\/\/zenexperience.mx\/cortesias\/#breadcrumb","itemListElement":[{"@type":"ListItem","position":1,"name":"Portada","item":"https:\/\/zenexperience.mx\/"},{"@type":"ListItem","position":2,"name":"Cortes\u00edas"}]},{"@type":"WebSite","@id":"https:\/\/zenexperience.mx\/#website","url":"https:\/\/zenexperience.mx\/","name":"Zen Experience","description":"Zen Experience Concrete Jungle Ciudad de M\u00e9xico","publisher":{"@id":"https:\/\/zenexperience.mx\/#organization"},"alternateName":"MIND, BODY & SOUL","potentialAction":[{"@type":"SearchAction","target":{"@type":"EntryPoint","urlTemplate":"https:\/\/zenexperience.mx\/?s={search_term_string}"},"query-input":{"@type":"PropertyValueSpecification","valueRequired":true,"valueName":"search_term_string"}}],"inLanguage":"en-US"},{"@type":"Organization","@id":"https:\/\/zenexperience.mx\/#organization","name":"ZEN EXPERIENCE","alternateName":"GRUPO LUMINISCENCIA NITIDA","url":"https:\/\/zenexperience.mx\/","logo":{"@type":"ImageObject","inLanguage":"en-US","@id":"https:\/\/zenexperience.mx\/#\/schema\/logo\/image\/","url":"https:\/\/zenexperience.mx\/wp-content\/uploads\/2024\/06\/Logo-para-Perfiles.jpg","contentUrl":"https:\/\/zenexperience.mx\/wp-content\/uploads\/2024\/06\/Logo-para-Perfiles.jpg","width":1600,"height":1120,"caption":"ZEN EXPERIENCE"},"image":{"@id":"https:\/\/zenexperience.mx\/#\/schema\/logo\/image\/"},"sameAs":["https:\/\/www.facebook.com\/zenexperience.mx\/","https:\/\/x.com\/zenexperiencemx","https:\/\/www.instagram.com\/zenexperience.mx\/","https:\/\/www.tiktok.com\/@zenexperience.mx","https:\/\/www.youtube.com\/@zenexperiencemx"]}]}},"_links":{"self":[{"href":"https:\/\/zenexperience.mx\/en\/wp-json\/wp\/v2\/pages\/3929","targetHints":{"allow":["GET"]}}],"collection":[{"href":"https:\/\/zenexperience.mx\/en\/wp-json\/wp\/v2\/pages"}],"about":[{"href":"https:\/\/zenexperience.mx\/en\/wp-json\/wp\/v2\/types\/page"}],"author":[{"embeddable":true,"href":"https:\/\/zenexperience.mx\/en\/wp-json\/wp\/v2\/users\/1"}],"replies":[{"embeddable":true,"href":"https:\/\/zenexperience.mx\/en\/wp-json\/wp\/v2\/comments?post=3929"}],"version-history":[{"count":7,"href":"https:\/\/zenexperience.mx\/en\/wp-json\/wp\/v2\/pages\/3929\/revisions"}],"predecessor-version":[{"id":3937,"href":"https:\/\/zenexperience.mx\/en\/wp-json\/wp\/v2\/pages\/3929\/revisions\/3937"}],"wp:attachment":[{"href":"https:\/\/zenexperience.mx\/en\/wp-json\/wp\/v2\/media?parent=3929"}],"curies":[{"name":"wp","href":"https:\/\/api.w.org\/{rel}","templated":true}]}}