{"id":409,"date":"2024-06-29T20:37:24","date_gmt":"2024-06-29T20:37:24","guid":{"rendered":"https:\/\/zenexperience.mx\/?page_id=409"},"modified":"2025-06-30T21:41:17","modified_gmt":"2025-07-01T03:41:17","slug":"talento","status":"publish","type":"page","link":"https:\/\/zenexperience.mx\/en\/talento\/","title":{"rendered":"Talento"},"content":{"rendered":"\t\t<div data-elementor-type=\"wp-page\" data-elementor-id=\"409\" class=\"elementor elementor-409\" data-elementor-post-type=\"page\">\n\t\t\t\t<div class=\"elementor-element elementor-element-35800e5 e-flex e-con-boxed e-con e-parent\" data-id=\"35800e5\" data-element_type=\"container\" data-e-type=\"container\">\n\t\t\t\t\t<div class=\"e-con-inner\">\n\t\t<div class=\"elementor-element elementor-element-ef15b96 e-con-full e-flex e-con e-child\" data-id=\"ef15b96\" data-element_type=\"container\" data-e-type=\"container\" data-settings=\"{&quot;background_background&quot;:&quot;classic&quot;}\">\n\t\t<div class=\"elementor-element elementor-element-070633b e-con-full e-flex e-con e-child\" data-id=\"070633b\" data-element_type=\"container\" data-e-type=\"container\">\n\t\t\t\t<div class=\"elementor-element elementor-element-894936c elementor-widget-laptop__width-initial elementor-widget elementor-widget-image\" data-id=\"894936c\" data-element_type=\"widget\" data-e-type=\"widget\" data-widget_type=\"image.default\">\n\t\t\t\t<div class=\"elementor-widget-container\">\n\t\t\t\t\t\t\t\t\t\t\t\t\t\t\t<img fetchpriority=\"high\" decoding=\"async\" width=\"1080\" height=\"1080\" src=\"https:\/\/zenexperience.mx\/wp-content\/uploads\/2024\/06\/Logo-Zen-Optimizado-2.png\" class=\"attachment-full size-full wp-image-183\" alt=\"\" \/>\t\t\t\t\t\t\t\t\t\t\t\t\t\t\t<\/div>\n\t\t\t\t<\/div>\n\t\t\t\t<\/div>\n\t\t\t\t<div class=\"elementor-element elementor-element-a71b1a5 elementor-widget-laptop__width-initial elementor-widget elementor-widget-heading\" data-id=\"a71b1a5\" data-element_type=\"widget\" data-e-type=\"widget\" data-widget_type=\"heading.default\">\n\t\t\t\t<div class=\"elementor-widget-container\">\n\t\t\t\t\t<p class=\"elementor-heading-title elementor-size-default\">Invitaci\u00f3n para ser parte de nuestros Talentos en Zen Experience \"Concrete Jungle\" \u2013 Ciudad de M\u00e9xico<\/p>\t\t\t\t<\/div>\n\t\t\t\t<\/div>\n\t\t<div class=\"elementor-element elementor-element-437aacd e-con-full e-flex e-con e-child\" data-id=\"437aacd\" data-element_type=\"container\" data-e-type=\"container\">\n\t\t\t\t<div class=\"elementor-element elementor-element-d725346 elementor-widget-laptop__width-initial elementor-widget elementor-widget-text-editor\" data-id=\"d725346\" data-element_type=\"widget\" data-e-type=\"widget\" data-widget_type=\"text-editor.default\">\n\t\t\t\t<div class=\"elementor-widget-container\">\n\t\t\t\t\t\t\t\t\t<p class=\"cvGsUA direction-ltr align-start para-style-body\"><strong><span class=\"OYPEnA text-decoration-none text-strikethrough-none\">Estimado Talento<\/span><\/strong><\/p>\n<p class=\"cvGsUA direction-ltr align-start para-style-body\"><span class=\"OYPEnA text-decoration-none text-strikethrough-none\">En Zen Experience, nos complace invitarlo a ser parte de nuestro evento m\u00e1s esperado del a\u00f1o:<span style=\"color: #ffffff;\"><strong> Zen Experience &#8220;Concrete Jungle&#8221;<\/strong><\/span>, que se llevar\u00e1 a cabo el 6<span style=\"color: #ffffff;\"><strong>&nbsp;de diciembre de 2025<\/strong><\/span>&nbsp;en la vibrante Ciudad de M\u00e9xico.<\/span><\/p>\n<p class=\"cvGsUA direction-ltr align-start para-style-body\"><span class=\"OYPEnA text-decoration-none text-strikethrough-none\">Como talento, disfrutar\u00e1s multiples beneficios adem\u00e1s de <strong>2 VIP Pass<\/strong>&nbsp;que incluye:<\/span><\/p>\n<ul>\n<li class=\"cvGsUA direction-ltr align-start para-style-body\"><span class=\"OYPEnA text-decoration-none text-strikethrough-none\"><strong>Acceso completo<\/strong> durante ambos d\u00edas del evento<\/span><\/li>\n<li class=\"cvGsUA direction-ltr align-start para-style-body\"><span class=\"OYPEnA text-decoration-none text-strikethrough-none\"><strong>Zona Preferencial<\/strong> para todas las actividades<\/span><\/li>\n<li class=\"cvGsUA direction-ltr align-start para-style-body\">Beneficios VIP en <strong>programas digitales<\/strong>&nbsp;dentro de nuestra plataforma<\/li>\n<\/ul>\n<p>Tambien podr\u00e1s conectarte con nuestra comunidad 100% enfocada en el Bienestar y la sanaci\u00f3n por los medios digitales.<\/p>\n<ul>\n<li>Compartir tus cursos o talleres en nuestra plataforma de Zen Experiencie Education (30% fee)<\/li>\n<li>Promocionar tus productos en Zen Experience Shop (5% fee + 5% pasarela de pago)<\/li>\n<li>Ser parte de nuestros workshops VIP<\/li>\n<li>Compartir contenido exclusivo a nuestra comunidad VIP.<\/li>\n<\/ul>\n<p class=\"cvGsUA direction-ltr align-start para-style-body\"><span class=\"OYPEnA text-decoration-none text-strikethrough-none\"><strong>Requisitos para ser parte de nuestros talentos:<\/strong><\/span><\/p>\n<ol>\n<li class=\"cvGsUA direction-ltr align-start para-style-body\"><span class=\"OYPEnA text-decoration-none text-strikethrough-none\">Publicar al menos una historia semanal en sus redes sociales, desde la aceptaci\u00f3n de esta invitaci\u00f3n hasta el d\u00eda del evento, mencionando su enlace de embajador que le ser\u00e1 proporcionado por <strong>Zen Experience<\/strong> v\u00eda correo y WhatsApp y compartir su c\u00f3digo de descuento con el 10%.<\/span><\/li>\n<li class=\"cvGsUA direction-ltr align-start para-style-body\">&nbsp;Seguirnos en nuestras redes sociales: <a href=\"https:\/\/instagram.com\/zenexperience.mx\/\">Instagram<\/a>, <a href=\"https:\/\/www.tiktok.com\/@zenexperience.mx\">Tiktok<\/a>, <a href=\"https:\/\/www.facebook.com\/zenexperience.mx\"><span class=\"OYPEnA text-decoration-none text-strikethrough-none\">Facebook<\/span><\/a>, <a href=\"https:\/\/twitter.com\/zenexperiencemx\">X (Twitter)<\/a> y <a href=\"https:\/\/www.youtube.com\/@zenexperiencemx\">YouTube<\/a>.<\/li>\n<li class=\"cvGsUA direction-ltr align-start para-style-body\">Repostear en sus historias al menos 2 reels por semana de nuestra cuenta de Instagram.<\/li>\n<li>Repostar en su feed al menos una de nuestras publicaciones y arrobando siempre a la marca, est\u00e1s se pueden descargar directamente de nuestro instagram.<\/li>\n<\/ol>\t\t\t\t\t\t\t\t<\/div>\n\t\t\t\t<\/div>\n\t\t\t\t<div class=\"elementor-element elementor-element-9c3cfa1 elementor-widget-laptop__width-initial elementor-widget elementor-widget-heading\" data-id=\"9c3cfa1\" data-element_type=\"widget\" data-e-type=\"widget\" data-widget_type=\"heading.default\">\n\t\t\t\t<div class=\"elementor-widget-container\">\n\t\t\t\t\t<p class=\"elementor-heading-title elementor-size-default\">Si acepta esta invitaci\u00f3n, agradecemos confirmar su participaci\u00f3n y su compromiso con los requisitos mencionados para ser parte de Zen Experience.<\/p>\t\t\t\t<\/div>\n\t\t\t\t<\/div>\n\t\t\t\t<div class=\"elementor-element elementor-element-8e5a1b8 elementor-widget-laptop__width-initial elementor-button-align-stretch elementor-widget elementor-widget-form\" data-id=\"8e5a1b8\" data-element_type=\"widget\" data-e-type=\"widget\" data-settings=\"{&quot;step_next_label&quot;:&quot;Siguiente&quot;,&quot;step_previous_label&quot;:&quot;Anterior&quot;,&quot;button_width&quot;:&quot;100&quot;,&quot;step_type&quot;:&quot;number_text&quot;,&quot;step_icon_shape&quot;:&quot;circle&quot;}\" data-widget_type=\"form.default\">\n\t\t\t\t<div class=\"elementor-widget-container\">\n\t\t\t\t\t\t\t<form class=\"elementor-form\" method=\"post\" id=\"talento\" name=\"Talento\" aria-label=\"Talento\">\n\t\t\t<input type=\"hidden\" name=\"post_id\" value=\"409\"\/>\n\t\t\t<input type=\"hidden\" name=\"form_id\" value=\"8e5a1b8\"\/>\n\t\t\t<input type=\"hidden\" name=\"referer_title\" value=\"Talento - Zen Experience\" \/>\n\n\t\t\t\t\t\t\t<input type=\"hidden\" name=\"queried_id\" value=\"409\"\/>\n\t\t\t\n\t\t\t<div class=\"elementor-form-fields-wrapper elementor-labels-\">\n\t\t\t\t\t\t\t\t<div class=\"elementor-field-type-text elementor-field-group elementor-column elementor-field-group-fullname elementor-col-40 elementor-field-required\">\n\t\t\t\t\t\t\t\t\t\t\t\t<label for=\"form-field-fullname\" class=\"elementor-field-label elementor-screen-only\">\n\t\t\t\t\t\t\t\tNombre y Apellido\t\t\t\t\t\t\t<\/label>\n\t\t\t\t\t\t\t\t\t\t\t\t\t\t<input size=\"1\" type=\"text\" name=\"form_fields[fullname]\" id=\"form-field-fullname\" class=\"elementor-field elementor-size-sm  elementor-field-textual\" placeholder=\"Nombre y Apellido\" required=\"required\">\n\t\t\t\t\t\t\t\t\t\t\t<\/div>\n\t\t\t\t\t\t\t\t<div class=\"elementor-field-type-email elementor-field-group elementor-column elementor-field-group-email elementor-col-30 elementor-field-required\">\n\t\t\t\t\t\t\t\t\t\t\t\t<label for=\"form-field-email\" class=\"elementor-field-label elementor-screen-only\">\n\t\t\t\t\t\t\t\tCorreo electr\u00f3nico\t\t\t\t\t\t\t<\/label>\n\t\t\t\t\t\t\t\t\t\t\t\t\t\t<input size=\"1\" type=\"email\" name=\"form_fields[email]\" id=\"form-field-email\" class=\"elementor-field elementor-size-sm  elementor-field-textual\" placeholder=\"Correo electr\u00f3nico\" required=\"required\">\n\t\t\t\t\t\t\t\t\t\t\t<\/div>\n\t\t\t\t\t\t\t\t<div class=\"elementor-field-type-number elementor-field-group elementor-column elementor-field-group-whatsapp elementor-col-30 elementor-field-required\">\n\t\t\t\t\t\t\t\t\t\t\t\t<label for=\"form-field-whatsapp\" class=\"elementor-field-label elementor-screen-only\">\n\t\t\t\t\t\t\t\twhatsapp\t\t\t\t\t\t\t<\/label>\n\t\t\t\t\t\t\t\t\t<input type=\"number\" name=\"form_fields[whatsapp]\" id=\"form-field-whatsapp\" class=\"elementor-field elementor-size-sm  elementor-field-textual\" placeholder=\"whatsapp\" required=\"required\" min=\"\" max=\"\" >\n\t\t\t\t\t\t<\/div>\n\t\t\t\t\t\t\t\t<div class=\"elementor-field-type-url elementor-field-group elementor-column elementor-field-group-redsocial elementor-col-40 elementor-field-required\">\n\t\t\t\t\t\t\t\t\t\t\t\t<label for=\"form-field-redsocial\" class=\"elementor-field-label elementor-screen-only\">\n\t\t\t\t\t\t\t\tRedes sociales\t\t\t\t\t\t\t<\/label>\n\t\t\t\t\t\t\t\t\t\t\t\t\t\t<input size=\"1\" type=\"url\" name=\"form_fields[redsocial]\" id=\"form-field-redsocial\" class=\"elementor-field elementor-size-sm  elementor-field-textual\" placeholder=\"Link de su red social principal\" required=\"required\">\n\t\t\t\t\t\t\t\t\t\t\t<\/div>\n\t\t\t\t\t\t\t\t<div class=\"elementor-field-type-text elementor-field-group elementor-column elementor-field-group-especialidad elementor-col-40 elementor-field-required\">\n\t\t\t\t\t\t\t\t\t\t\t\t<label for=\"form-field-especialidad\" class=\"elementor-field-label elementor-screen-only\">\n\t\t\t\t\t\t\t\t\u00c1rea de Experiencia\t\t\t\t\t\t\t<\/label>\n\t\t\t\t\t\t\t\t\t\t\t\t\t\t<input size=\"1\" type=\"text\" name=\"form_fields[especialidad]\" id=\"form-field-especialidad\" class=\"elementor-field elementor-size-sm  elementor-field-textual\" placeholder=\"\u00c1rea de Experiencia\" required=\"required\">\n\t\t\t\t\t\t\t\t\t\t\t<\/div>\n\t\t\t\t\t\t\t\t<div class=\"elementor-field-type-number elementor-field-group elementor-column elementor-field-group-Experiencia elementor-col-20 elementor-field-required\">\n\t\t\t\t\t\t\t\t\t\t\t\t<label for=\"form-field-Experiencia\" class=\"elementor-field-label elementor-screen-only\">\n\t\t\t\t\t\t\t\tTus a\u00f1os de experiencia\t\t\t\t\t\t\t<\/label>\n\t\t\t\t\t\t\t\t\t<input type=\"number\" name=\"form_fields[Experiencia]\" id=\"form-field-Experiencia\" class=\"elementor-field elementor-size-sm  elementor-field-textual\" placeholder=\"Tus a\u00f1os de experiencia\" required=\"required\" min=\"\" max=\"\" >\n\t\t\t\t\t\t<\/div>\n\t\t\t\t\t\t\t\t<div class=\"elementor-field-type-textarea elementor-field-group elementor-column elementor-field-group-porqueserpartedezen elementor-col-50 elementor-field-required\">\n\t\t\t\t\t\t\t\t\t\t\t\t<label for=\"form-field-porqueserpartedezen\" class=\"elementor-field-label elementor-screen-only\">\n\t\t\t\t\t\t\t\t\u00bfPor qu\u00e9 quieres ser parte de Zen Experience?\t\t\t\t\t\t\t<\/label>\n\t\t\t\t\t\t<textarea class=\"elementor-field-textual elementor-field  elementor-size-sm\" name=\"form_fields[porqueserpartedezen]\" id=\"form-field-porqueserpartedezen\" rows=\"4\" placeholder=\"\u00bfPor qu\u00e9 quieres ser parte de Zen Experience?\" required=\"required\"><\/textarea>\t\t\t\t<\/div>\n\t\t\t\t\t\t\t\t<div class=\"elementor-field-type-textarea elementor-field-group elementor-column elementor-field-group-field_15534c0 elementor-col-50 elementor-field-required\">\n\t\t\t\t\t\t\t\t\t\t\t\t<label for=\"form-field-field_15534c0\" class=\"elementor-field-label elementor-screen-only\">\n\t\t\t\t\t\t\t\t\u00bfCu\u00e1l ser\u00e1 tu aportaci\u00f3n para nuestro evento?\t\t\t\t\t\t\t<\/label>\n\t\t\t\t\t\t<textarea class=\"elementor-field-textual elementor-field  elementor-size-sm\" name=\"form_fields[field_15534c0]\" id=\"form-field-field_15534c0\" rows=\"4\" placeholder=\"\u00bfCu\u00e1l ser\u00e1 tu aportaci\u00f3n para nuestro evento?\" required=\"required\"><\/textarea>\t\t\t\t<\/div>\n\t\t\t\t\t\t\t\t<div class=\"elementor-field-type-acceptance elementor-field-group elementor-column elementor-field-group-field_e143059 elementor-col-100 elementor-field-required\">\n\t\t\t\t\t\t\t\t\t\t\t\t<label for=\"form-field-field_e143059\" class=\"elementor-field-label elementor-screen-only\">\n\t\t\t\t\t\t\t\tAceptaci\u00f3n\t\t\t\t\t\t\t<\/label>\n\t\t\t\t\t\t\t\t<div class=\"elementor-field-subgroup\">\n\t\t\t<span class=\"elementor-field-option\">\n\t\t\t\t<input type=\"checkbox\" name=\"form_fields[field_e143059]\" id=\"form-field-field_e143059\" class=\"elementor-field elementor-size-sm  elementor-acceptance-field\" required=\"required\">\n\t\t\t\t<label for=\"form-field-field_e143059\">Al aceptar, confirmo que he le\u00eddo y acepto los t\u00e9rminos y condiciones para ser Talento y obtener mi pase VIP.<\/label>\t\t\t<\/span>\n\t\t<\/div>\n\t\t\t\t\t\t<\/div>\n\t\t\t\t\t\t\t\t<div class=\"elementor-field-group elementor-column elementor-field-type-submit elementor-col-100 e-form__buttons\">\n\t\t\t\t\t<button class=\"elementor-button elementor-size-sm\" type=\"submit\" id=\"colaboradores\">\n\t\t\t\t\t\t<span class=\"elementor-button-content-wrapper\">\n\t\t\t\t\t\t\t\t\t\t\t\t\t\t\t\t\t\t\t\t\t\t<span class=\"elementor-button-text\">Enviar<\/span>\n\t\t\t\t\t\t\t\t\t\t\t\t\t<\/span>\n\t\t\t\t\t<\/button>\n\t\t\t\t<\/div>\n\t\t\t<\/div>\n\t\t<\/form>\n\t\t\t\t\t\t<\/div>\n\t\t\t\t<\/div>\n\t\t\t\t<\/div>\n\t\t\t\t<\/div>\n\t\t\t\t\t<\/div>\n\t\t\t\t<\/div>\n\t\t\t\t<\/div>\n\t\t","protected":false},"excerpt":{"rendered":"<p>Invitaci\u00f3n para ser parte de nuestros Talentos en Zen Experience &#8220;Concrete Jungle&#8221; \u2013 Ciudad de M\u00e9xico Estimado Talento En Zen Experience, nos complace invitarlo a ser parte de nuestro evento m\u00e1s esperado del a\u00f1o: Zen Experience &#8220;Concrete Jungle&#8221;, que se llevar\u00e1 a cabo el 6&nbsp;de diciembre de 2025&nbsp;en la vibrante Ciudad de M\u00e9xico. Como talento, [&hellip;]<\/p>\n","protected":false},"author":1,"featured_media":4283,"parent":0,"menu_order":0,"comment_status":"closed","ping_status":"closed","template":"","meta":{"content-type":"","_joinchat":[],"footnotes":""},"class_list":["post-409","page","type-page","status-publish","has-post-thumbnail","hentry"],"yoast_head":"<!-- This site is optimized with the Yoast SEO plugin v27.1.1 - https:\/\/yoast.com\/product\/yoast-seo-wordpress\/ -->\n<title>Talento - Zen Experience<\/title>\n<meta name=\"description\" content=\"ZEN EXPERIENCE is meant to generate real magic within your heart and your deepest truth.\" \/>\n<meta name=\"robots\" content=\"noindex, nofollow\" \/>\n<meta property=\"og:locale\" content=\"en_US\" \/>\n<meta property=\"og:type\" content=\"article\" \/>\n<meta property=\"og:title\" content=\"Talento - Zen Experience\" \/>\n<meta property=\"og:description\" content=\"ZEN EXPERIENCE is meant to generate real magic within your heart and your deepest truth.\" \/>\n<meta property=\"og:url\" content=\"https:\/\/zenexperience.mx\/en\/talento\/\" \/>\n<meta property=\"og:site_name\" content=\"Zen Experience\" \/>\n<meta property=\"article:publisher\" content=\"https:\/\/www.facebook.com\/zenexperience.mx\/\" \/>\n<meta property=\"article:modified_time\" content=\"2025-07-01T03:41:17+00:00\" \/>\n<meta property=\"og:image\" content=\"https:\/\/zenexperience.mx\/wp-content\/uploads\/2025\/06\/BACK-ZEN-ok-scaled.jpg\" \/>\n\t<meta property=\"og:image:width\" content=\"2560\" \/>\n\t<meta property=\"og:image:height\" content=\"1440\" \/>\n\t<meta property=\"og:image:type\" content=\"image\/jpeg\" \/>\n<meta name=\"twitter:card\" content=\"summary_large_image\" \/>\n<meta name=\"twitter:site\" content=\"@zenexperiencemx\" \/>\n<meta name=\"twitter:label1\" content=\"Est. reading time\" \/>\n\t<meta name=\"twitter:data1\" content=\"2 minutes\" \/>\n<script type=\"application\/ld+json\" class=\"yoast-schema-graph\">{\"@context\":\"https:\/\/schema.org\",\"@graph\":[{\"@type\":\"WebPage\",\"@id\":\"https:\/\/zenexperience.mx\/talento\/\",\"url\":\"https:\/\/zenexperience.mx\/talento\/\",\"name\":\"Talento - Zen Experience\",\"isPartOf\":{\"@id\":\"https:\/\/zenexperience.mx\/#website\"},\"primaryImageOfPage\":{\"@id\":\"https:\/\/zenexperience.mx\/talento\/#primaryimage\"},\"image\":{\"@id\":\"https:\/\/zenexperience.mx\/talento\/#primaryimage\"},\"thumbnailUrl\":\"https:\/\/zenexperience.mx\/wp-content\/uploads\/2025\/06\/BACK-ZEN-ok-scaled.jpg\",\"datePublished\":\"2024-06-29T20:37:24+00:00\",\"dateModified\":\"2025-07-01T03:41:17+00:00\",\"description\":\"ZEN EXPERIENCE is meant to generate real magic within your heart and your deepest truth.\",\"breadcrumb\":{\"@id\":\"https:\/\/zenexperience.mx\/talento\/#breadcrumb\"},\"inLanguage\":\"en-US\",\"potentialAction\":[{\"@type\":\"ReadAction\",\"target\":[\"https:\/\/zenexperience.mx\/talento\/\"]}]},{\"@type\":\"ImageObject\",\"inLanguage\":\"en-US\",\"@id\":\"https:\/\/zenexperience.mx\/talento\/#primaryimage\",\"url\":\"https:\/\/zenexperience.mx\/wp-content\/uploads\/2025\/06\/BACK-ZEN-ok-scaled.jpg\",\"contentUrl\":\"https:\/\/zenexperience.mx\/wp-content\/uploads\/2025\/06\/BACK-ZEN-ok-scaled.jpg\",\"width\":2560,\"height\":1440},{\"@type\":\"BreadcrumbList\",\"@id\":\"https:\/\/zenexperience.mx\/talento\/#breadcrumb\",\"itemListElement\":[{\"@type\":\"ListItem\",\"position\":1,\"name\":\"Portada\",\"item\":\"https:\/\/zenexperience.mx\/\"},{\"@type\":\"ListItem\",\"position\":2,\"name\":\"Talento\"}]},{\"@type\":\"WebSite\",\"@id\":\"https:\/\/zenexperience.mx\/#website\",\"url\":\"https:\/\/zenexperience.mx\/\",\"name\":\"Zen Experience\",\"description\":\"Zen Experience Concrete Jungle Ciudad de M\u00e9xico\",\"publisher\":{\"@id\":\"https:\/\/zenexperience.mx\/#organization\"},\"alternateName\":\"MIND, BODY & SOUL\",\"potentialAction\":[{\"@type\":\"SearchAction\",\"target\":{\"@type\":\"EntryPoint\",\"urlTemplate\":\"https:\/\/zenexperience.mx\/?s={search_term_string}\"},\"query-input\":{\"@type\":\"PropertyValueSpecification\",\"valueRequired\":true,\"valueName\":\"search_term_string\"}}],\"inLanguage\":\"en-US\"},{\"@type\":\"Organization\",\"@id\":\"https:\/\/zenexperience.mx\/#organization\",\"name\":\"ZEN EXPERIENCE\",\"alternateName\":\"GRUPO LUMINISCENCIA NITIDA\",\"url\":\"https:\/\/zenexperience.mx\/\",\"logo\":{\"@type\":\"ImageObject\",\"inLanguage\":\"en-US\",\"@id\":\"https:\/\/zenexperience.mx\/#\/schema\/logo\/image\/\",\"url\":\"https:\/\/zenexperience.mx\/wp-content\/uploads\/2024\/06\/Logo-para-Perfiles.jpg\",\"contentUrl\":\"https:\/\/zenexperience.mx\/wp-content\/uploads\/2024\/06\/Logo-para-Perfiles.jpg\",\"width\":1600,\"height\":1120,\"caption\":\"ZEN EXPERIENCE\"},\"image\":{\"@id\":\"https:\/\/zenexperience.mx\/#\/schema\/logo\/image\/\"},\"sameAs\":[\"https:\/\/www.facebook.com\/zenexperience.mx\/\",\"https:\/\/x.com\/zenexperiencemx\",\"https:\/\/www.instagram.com\/zenexperience.mx\/\",\"https:\/\/www.tiktok.com\/@zenexperience.mx\",\"https:\/\/www.youtube.com\/@zenexperiencemx\"]}]}<\/script>\n<!-- \/ Yoast SEO plugin. -->","yoast_head_json":{"title":"Talento - Zen Experience","description":"ZEN EXPERIENCE is meant to generate real magic within your heart and your deepest truth.","robots":{"index":"noindex","follow":"nofollow"},"og_locale":"en_US","og_type":"article","og_title":"Talento - Zen Experience","og_description":"ZEN EXPERIENCE is meant to generate real magic within your heart and your deepest truth.","og_url":"https:\/\/zenexperience.mx\/en\/talento\/","og_site_name":"Zen Experience","article_publisher":"https:\/\/www.facebook.com\/zenexperience.mx\/","article_modified_time":"2025-07-01T03:41:17+00:00","og_image":[{"width":2560,"height":1440,"url":"https:\/\/zenexperience.mx\/wp-content\/uploads\/2025\/06\/BACK-ZEN-ok-scaled.jpg","type":"image\/jpeg"}],"twitter_card":"summary_large_image","twitter_site":"@zenexperiencemx","twitter_misc":{"Est. reading time":"2 minutes"},"schema":{"@context":"https:\/\/schema.org","@graph":[{"@type":"WebPage","@id":"https:\/\/zenexperience.mx\/talento\/","url":"https:\/\/zenexperience.mx\/talento\/","name":"Talento - Zen Experience","isPartOf":{"@id":"https:\/\/zenexperience.mx\/#website"},"primaryImageOfPage":{"@id":"https:\/\/zenexperience.mx\/talento\/#primaryimage"},"image":{"@id":"https:\/\/zenexperience.mx\/talento\/#primaryimage"},"thumbnailUrl":"https:\/\/zenexperience.mx\/wp-content\/uploads\/2025\/06\/BACK-ZEN-ok-scaled.jpg","datePublished":"2024-06-29T20:37:24+00:00","dateModified":"2025-07-01T03:41:17+00:00","description":"ZEN EXPERIENCE is meant to generate real magic within your heart and your deepest truth.","breadcrumb":{"@id":"https:\/\/zenexperience.mx\/talento\/#breadcrumb"},"inLanguage":"en-US","potentialAction":[{"@type":"ReadAction","target":["https:\/\/zenexperience.mx\/talento\/"]}]},{"@type":"ImageObject","inLanguage":"en-US","@id":"https:\/\/zenexperience.mx\/talento\/#primaryimage","url":"https:\/\/zenexperience.mx\/wp-content\/uploads\/2025\/06\/BACK-ZEN-ok-scaled.jpg","contentUrl":"https:\/\/zenexperience.mx\/wp-content\/uploads\/2025\/06\/BACK-ZEN-ok-scaled.jpg","width":2560,"height":1440},{"@type":"BreadcrumbList","@id":"https:\/\/zenexperience.mx\/talento\/#breadcrumb","itemListElement":[{"@type":"ListItem","position":1,"name":"Portada","item":"https:\/\/zenexperience.mx\/"},{"@type":"ListItem","position":2,"name":"Talento"}]},{"@type":"WebSite","@id":"https:\/\/zenexperience.mx\/#website","url":"https:\/\/zenexperience.mx\/","name":"Zen Experience","description":"Zen Experience Concrete Jungle Ciudad de M\u00e9xico","publisher":{"@id":"https:\/\/zenexperience.mx\/#organization"},"alternateName":"MIND, BODY & SOUL","potentialAction":[{"@type":"SearchAction","target":{"@type":"EntryPoint","urlTemplate":"https:\/\/zenexperience.mx\/?s={search_term_string}"},"query-input":{"@type":"PropertyValueSpecification","valueRequired":true,"valueName":"search_term_string"}}],"inLanguage":"en-US"},{"@type":"Organization","@id":"https:\/\/zenexperience.mx\/#organization","name":"ZEN EXPERIENCE","alternateName":"GRUPO LUMINISCENCIA NITIDA","url":"https:\/\/zenexperience.mx\/","logo":{"@type":"ImageObject","inLanguage":"en-US","@id":"https:\/\/zenexperience.mx\/#\/schema\/logo\/image\/","url":"https:\/\/zenexperience.mx\/wp-content\/uploads\/2024\/06\/Logo-para-Perfiles.jpg","contentUrl":"https:\/\/zenexperience.mx\/wp-content\/uploads\/2024\/06\/Logo-para-Perfiles.jpg","width":1600,"height":1120,"caption":"ZEN EXPERIENCE"},"image":{"@id":"https:\/\/zenexperience.mx\/#\/schema\/logo\/image\/"},"sameAs":["https:\/\/www.facebook.com\/zenexperience.mx\/","https:\/\/x.com\/zenexperiencemx","https:\/\/www.instagram.com\/zenexperience.mx\/","https:\/\/www.tiktok.com\/@zenexperience.mx","https:\/\/www.youtube.com\/@zenexperiencemx"]}]}},"_links":{"self":[{"href":"https:\/\/zenexperience.mx\/en\/wp-json\/wp\/v2\/pages\/409","targetHints":{"allow":["GET"]}}],"collection":[{"href":"https:\/\/zenexperience.mx\/en\/wp-json\/wp\/v2\/pages"}],"about":[{"href":"https:\/\/zenexperience.mx\/en\/wp-json\/wp\/v2\/types\/page"}],"author":[{"embeddable":true,"href":"https:\/\/zenexperience.mx\/en\/wp-json\/wp\/v2\/users\/1"}],"replies":[{"embeddable":true,"href":"https:\/\/zenexperience.mx\/en\/wp-json\/wp\/v2\/comments?post=409"}],"version-history":[{"count":10,"href":"https:\/\/zenexperience.mx\/en\/wp-json\/wp\/v2\/pages\/409\/revisions"}],"predecessor-version":[{"id":4354,"href":"https:\/\/zenexperience.mx\/en\/wp-json\/wp\/v2\/pages\/409\/revisions\/4354"}],"wp:featuredmedia":[{"embeddable":true,"href":"https:\/\/zenexperience.mx\/en\/wp-json\/wp\/v2\/media\/4283"}],"wp:attachment":[{"href":"https:\/\/zenexperience.mx\/en\/wp-json\/wp\/v2\/media?parent=409"}],"curies":[{"name":"wp","href":"https:\/\/api.w.org\/{rel}","templated":true}]}}